{"id":41121,"date":"2015-05-02T19:25:03","date_gmt":"2015-05-02T19:25:03","guid":{"rendered":"https:\/\/services.jacobi.net\/about\/"},"modified":"2025-12-04T17:19:27","modified_gmt":"2025-12-04T17:19:27","slug":"ueber-uns","status":"publish","type":"page","link":"https:\/\/services.jacobi.net\/de\/ueber-uns\/","title":{"rendered":"\u00dcber uns"},"content":{"rendered":"\t\t<div data-elementor-type=\"wp-page\" data-elementor-id=\"41121\" class=\"elementor elementor-41121 elementor-14870\" data-elementor-post-type=\"page\">\n\t\t\t\t<div class=\"elementor-element elementor-element-7b2c34a e-flex e-con-boxed e-con e-parent\" data-id=\"7b2c34a\" data-element_type=\"container\" data-e-type=\"container\">\n\t\t\t\t\t<div class=\"e-con-inner\">\n\t\t<div class=\"elementor-element elementor-element-52197d7d e-flex e-con-boxed e-con e-child\" data-id=\"52197d7d\" data-element_type=\"container\" data-e-type=\"container\">\n\t\t\t\t\t<div class=\"e-con-inner\">\n\t\t\t\t<div class=\"elementor-element elementor-element-5aea8d2c elementor-widget elementor-widget-text-editor\" data-id=\"5aea8d2c\" data-element_type=\"widget\" data-e-type=\"widget\" data-widget_type=\"text-editor.default\">\n\t\t\t\t<div class=\"elementor-widget-container\">\n\t\t\t\t\t\t\t\t\t<p>\u00dcBER<\/p>\t\t\t\t\t\t\t\t<\/div>\n\t\t\t\t<\/div>\n\t\t\t\t<div class=\"elementor-element elementor-element-1ce6712c elementor-widget-divider--view-line elementor-widget elementor-widget-divider\" data-id=\"1ce6712c\" data-element_type=\"widget\" data-e-type=\"widget\" data-widget_type=\"divider.default\">\n\t\t\t\t<div class=\"elementor-widget-container\">\n\t\t\t\t\t\t\t<div class=\"elementor-divider\">\n\t\t\t<span class=\"elementor-divider-separator\">\n\t\t\t\t\t\t<\/span>\n\t\t<\/div>\n\t\t\t\t\t\t<\/div>\n\t\t\t\t<\/div>\n\t\t\t\t\t<\/div>\n\t\t\t\t<\/div>\n\t\t\t\t\t<\/div>\n\t\t\t\t<\/div>\n\t\t<div class=\"elementor-element elementor-element-1e829207 e-flex e-con-boxed e-con e-parent\" data-id=\"1e829207\" data-element_type=\"container\" data-e-type=\"container\">\n\t\t\t\t\t<div class=\"e-con-inner\">\n\t\t\t\t<div class=\"elementor-element elementor-element-742b3820 elementor-widget elementor-widget-image\" data-id=\"742b3820\" data-element_type=\"widget\" data-e-type=\"widget\" data-widget_type=\"image.default\">\n\t\t\t\t<div class=\"elementor-widget-container\">\n\t\t\t\t\t\t\t\t\t\t\t\t\t\t\t<img fetchpriority=\"high\" decoding=\"async\" width=\"1200\" height=\"493\" src=\"https:\/\/services.jacobi.net\/wp-content\/uploads\/2025\/05\/Filters-3-About-Us-page.png\" class=\"attachment-full size-full wp-image-41742\" alt=\"\" srcset=\"https:\/\/services.jacobi.net\/wp-content\/uploads\/2025\/05\/Filters-3-About-Us-page.png 1200w, https:\/\/services.jacobi.net\/wp-content\/uploads\/2025\/05\/Filters-3-About-Us-page-300x123.png 300w, https:\/\/services.jacobi.net\/wp-content\/uploads\/2025\/05\/Filters-3-About-Us-page-1024x421.png 1024w, https:\/\/services.jacobi.net\/wp-content\/uploads\/2025\/05\/Filters-3-About-Us-page-768x316.png 768w\" sizes=\"(max-width: 1200px) 100vw, 1200px\" \/>\t\t\t\t\t\t\t\t\t\t\t\t\t\t\t<\/div>\n\t\t\t\t<\/div>\n\t\t\t\t\t<\/div>\n\t\t\t\t<\/div>\n\t\t<div class=\"elementor-element elementor-element-2f54d217 e-flex e-con-boxed e-con e-parent\" data-id=\"2f54d217\" data-element_type=\"container\" data-e-type=\"container\">\n\t\t\t\t\t<div class=\"e-con-inner\">\n\t\t\t\t<div class=\"elementor-element elementor-element-5ff1b379 elementor-widget elementor-widget-heading\" data-id=\"5ff1b379\" data-element_type=\"widget\" data-e-type=\"widget\" data-widget_type=\"heading.default\">\n\t\t\t\t<div class=\"elementor-widget-container\">\n\t\t\t\t\t<h2 class=\"elementor-heading-title elementor-size-default\">Die Jacobi Group \u2026<\/h2>\t\t\t\t<\/div>\n\t\t\t\t<\/div>\n\t\t\t\t\t<\/div>\n\t\t\t\t<\/div>\n\t\t<div class=\"elementor-element elementor-element-38649d06 e-flex e-con-boxed e-con e-parent\" data-id=\"38649d06\" data-element_type=\"container\" data-e-type=\"container\">\n\t\t\t\t\t<div class=\"e-con-inner\">\n\t\t<div class=\"elementor-element elementor-element-46d3cf52 e-con-full e-flex e-con e-child\" data-id=\"46d3cf52\" data-element_type=\"container\" data-e-type=\"container\">\n\t\t\t\t<div class=\"elementor-element elementor-element-3708c49a elementor-widget elementor-widget-text-editor\" data-id=\"3708c49a\" data-element_type=\"widget\" data-e-type=\"widget\" data-widget_type=\"text-editor.default\">\n\t\t\t\t<div class=\"elementor-widget-container\">\n\t\t\t\t\t\t\t\t\t<p>\u2026 ist eine hundertprozentige Tochtergesellschaft der Osaka Gas Chemicals Co., Ltd. (OGC). OGC erwarb Jacobi 2014.<\/p><p>\u2026 widmet sich dem Ziel, der nachhaltigste Anbieter in der Branche zu werden. Mit absoluter Konzentration auf Sicherheit, die Bed\u00fcrfnisse unserer Kunden und unserer Mitarbeiter sowie der Gemeinden, in denen wir t\u00e4tig sind. Wir verfolgen einen innovativen Ansatz, um zuk\u00fcnftige Kundenbed\u00fcrfnisse zu erf\u00fcllen und die Umweltbelastung zu verringern.<\/p><p>\u2026 ist der weltweit gr\u00f6\u00dfte Hersteller von Aktivkohle auf der Basis von Kokosnussschalen, mit mehr als der doppelten Kapazit\u00e4t als jeder andere Hersteller. Kokosnussschalen sind das nachhaltigste gewerbliche Rohmaterial zur Produktion von Aktivkohle.<\/p><p>\u2026 ist ein globales Fertigungsunternehmen mit 20 Fertigungs- und Verarbeitungsanlagen sowie 2 Reaktivierungsanlagen in Europa.<\/p>\t\t\t\t\t\t\t\t<\/div>\n\t\t\t\t<\/div>\n\t\t\t\t<\/div>\n\t\t<div class=\"elementor-element elementor-element-7b787845 e-con-full e-flex e-con e-child\" data-id=\"7b787845\" data-element_type=\"container\" data-e-type=\"container\">\n\t\t\t\t<div class=\"elementor-element elementor-element-2e970820 elementor-widget elementor-widget-text-editor\" data-id=\"2e970820\" data-element_type=\"widget\" data-e-type=\"widget\" data-widget_type=\"text-editor.default\">\n\t\t\t\t<div class=\"elementor-widget-container\">\n\t\t\t\t\t\t\t\t\t<p>\u2026 ist der Lieferant der breitesten Palette von Aktivkohlen in der Industrie, einschlie\u00dflich Kokosnussschalen, Steinkohlen, Lignit und Holz als Rohstoffbasis. Produktl\u00f6sungen in Pulver-, Granulat-, Extrusions-, Kugel- und Filztuchform f\u00fcr unsere Kunden sowie eine vollst\u00e4ndige Palette an erg\u00e4nzenden Ionenaustauscherharzen und Filterservicel\u00f6sungen.<\/p><p>\u2026 hat sich zum Ziel gesetzt, dank unserer branchenf\u00fchrenden F&amp;E-Gruppe mit Sitz in Japan der innovativste Akteur zu sein.<\/p><p>\u2026 hat mehr als 1.850 engagierte, professionelle Angestellte.<\/p><p>\u2026 hat sich einer einfachen Mission verschrieben: F\u00fcr Kunden der bevorzugte Lieferant von Aktivkohle-, Ionenaustauscherharz- und Filterservicel\u00f6sungen zu sein und dabei einen technischen Support und Kundendienst anzubieten, der seinesgleichen sucht.<\/p>\t\t\t\t\t\t\t\t<\/div>\n\t\t\t\t<\/div>\n\t\t\t\t<\/div>\n\t\t\t\t\t<\/div>\n\t\t\t\t<\/div>\n\t\t<div class=\"elementor-element elementor-element-6df8e7af e-flex e-con-boxed e-con e-parent\" data-id=\"6df8e7af\" data-element_type=\"container\" data-e-type=\"container\">\n\t\t\t\t\t<div class=\"e-con-inner\">\n\t\t<div class=\"elementor-element elementor-element-6a86c292 e-con-full e-flex e-con e-child\" data-id=\"6a86c292\" data-element_type=\"container\" data-e-type=\"container\">\n\t\t\t\t<div class=\"elementor-element elementor-element-1648dab2 elementor-widget elementor-widget-image\" data-id=\"1648dab2\" data-element_type=\"widget\" data-e-type=\"widget\" data-widget_type=\"image.default\">\n\t\t\t\t<div class=\"elementor-widget-container\">\n\t\t\t\t\t\t\t\t\t\t\t\t\t\t\t<img decoding=\"async\" width=\"800\" height=\"800\" src=\"https:\/\/services.jacobi.net\/wp-content\/uploads\/2025\/05\/About-Us-Page-22-1.jpg\" class=\"attachment-full size-full wp-image-41750\" alt=\"\" srcset=\"https:\/\/services.jacobi.net\/wp-content\/uploads\/2025\/05\/About-Us-Page-22-1.jpg 800w, https:\/\/services.jacobi.net\/wp-content\/uploads\/2025\/05\/About-Us-Page-22-1-300x300.jpg 300w, https:\/\/services.jacobi.net\/wp-content\/uploads\/2025\/05\/About-Us-Page-22-1-150x150.jpg 150w, https:\/\/services.jacobi.net\/wp-content\/uploads\/2025\/05\/About-Us-Page-22-1-768x768.jpg 768w\" sizes=\"(max-width: 800px) 100vw, 800px\" \/>\t\t\t\t\t\t\t\t\t\t\t\t\t\t\t<\/div>\n\t\t\t\t<\/div>\n\t\t\t\t<div class=\"elementor-element elementor-element-626aa41a elementor-widget elementor-widget-text-editor\" data-id=\"626aa41a\" data-element_type=\"widget\" data-e-type=\"widget\" data-widget_type=\"text-editor.default\">\n\t\t\t\t<div class=\"elementor-widget-container\">\n\t\t\t\t\t\t\t\t\t<h3><strong><span style=\"font-size: 14pt;\">Das Qualit\u00e4tsunternehmen<\/span><\/strong><\/h3><p>Jacobi Carbons setzt sich voll und ganz f\u00fcr einen Gesamtqualit\u00e4tsansatz ein, beginnend beim ersten Telefongespr\u00e4ch bis hin zur Sicherstellung, dass das gelieferte Produkt die spezifischen Anforderungen erf\u00fcllt und \u00fcbertrifft.<\/p><p>Jacobi Carbons ist eine akkreditierte Organisation, die die strengen internationalen ISO-9000-Normen erf\u00fcllt und \u00fcber lokale Akkreditierungen in den Bereichen Produktion, Vertrieb und Verwaltung verf\u00fcgt.<\/p><p>Unsere strengen Qualit\u00e4tssicherungsverfahren gew\u00e4hrleisten, dass Sie jedes Mal ein Qualit\u00e4tsprodukt mit branchenf\u00fchrender Produktverpackung und ausgezeichnetem Kundenservice erhalten.<\/p>\t\t\t\t\t\t\t\t<\/div>\n\t\t\t\t<\/div>\n\t\t\t\t<\/div>\n\t\t<div class=\"elementor-element elementor-element-390c3f73 e-con-full e-flex e-con e-child\" data-id=\"390c3f73\" data-element_type=\"container\" data-e-type=\"container\">\n\t\t\t\t<div class=\"elementor-element elementor-element-14e73ee6 elementor-widget elementor-widget-image\" data-id=\"14e73ee6\" data-element_type=\"widget\" data-e-type=\"widget\" data-widget_type=\"image.default\">\n\t\t\t\t<div class=\"elementor-widget-container\">\n\t\t\t\t\t\t\t\t\t\t\t\t\t\t\t<img decoding=\"async\" width=\"800\" height=\"800\" src=\"https:\/\/services.jacobi.net\/wp-content\/uploads\/2025\/05\/About-Us-Page-1.jpg\" class=\"attachment-full size-full wp-image-41758\" alt=\"\" srcset=\"https:\/\/services.jacobi.net\/wp-content\/uploads\/2025\/05\/About-Us-Page-1.jpg 800w, https:\/\/services.jacobi.net\/wp-content\/uploads\/2025\/05\/About-Us-Page-1-300x300.jpg 300w, https:\/\/services.jacobi.net\/wp-content\/uploads\/2025\/05\/About-Us-Page-1-150x150.jpg 150w, https:\/\/services.jacobi.net\/wp-content\/uploads\/2025\/05\/About-Us-Page-1-768x768.jpg 768w\" sizes=\"(max-width: 800px) 100vw, 800px\" \/>\t\t\t\t\t\t\t\t\t\t\t\t\t\t\t<\/div>\n\t\t\t\t<\/div>\n\t\t\t\t<div class=\"elementor-element elementor-element-3be96d85 elementor-widget elementor-widget-text-editor\" data-id=\"3be96d85\" data-element_type=\"widget\" data-e-type=\"widget\" data-widget_type=\"text-editor.default\">\n\t\t\t\t<div class=\"elementor-widget-container\">\n\t\t\t\t\t\t\t\t\t<h3><span style=\"font-size: 14pt;\"><strong>Das verantwortungsvolle Unternehmen<\/strong><\/span><\/h3><p>Jacobi Carbons ist sich sehr wohl der Verantwortung bewusst, die ein gro\u00dfes Unternehmen f\u00fcr das Wohlergehen und die Rechte seiner Mitarbeiter und Interessenvertreter gleicherma\u00dfen hat. Dar\u00fcber hinaus stellt der Standort vieler Produktionsst\u00e4tten des Unternehmens in den Entwicklungsl\u00e4ndern eine weitere Verpflichtung f\u00fcr uns dar. Es ist unsere Pflicht, daf\u00fcr zu sorgen, dass die sozialen Auswirkungen unserer Aktivit\u00e4ten positiv sind und nicht zu Lasten der Regionen gehen, in denen wir t\u00e4tig sind. Jacobi steht voll und ganz hinter der grundlegenden Pr\u00e4misse von Organisationen wie SIDA (Schwedische Agentur f\u00fcr Internationale Entwicklung), die von Investoren verlangen, dass alle Mitarbeiter und ihre Familien gesch\u00fctzt und junge oder gef\u00e4hrdete Personen nicht ausgebeutet werden sowie dass aktiv zur lokalen Gemeinschaft beigetragen wird. Jacobi Carbons setzt weder Kinderarbeit ein, noch verst\u00f6\u00dft das Unternehmen gegen Vorschriften in Bezug auf Mindestlohn oder Arbeitsbedingungen.<\/p>\t\t\t\t\t\t\t\t<\/div>\n\t\t\t\t<\/div>\n\t\t\t\t<\/div>\n\t\t<div class=\"elementor-element elementor-element-2b247198 e-con-full e-flex e-con e-child\" data-id=\"2b247198\" data-element_type=\"container\" data-e-type=\"container\">\n\t\t\t\t<div class=\"elementor-element elementor-element-abd7120 elementor-widget elementor-widget-image\" data-id=\"abd7120\" data-element_type=\"widget\" data-e-type=\"widget\" data-widget_type=\"image.default\">\n\t\t\t\t<div class=\"elementor-widget-container\">\n\t\t\t\t\t\t\t\t\t\t\t\t\t\t\t<img loading=\"lazy\" decoding=\"async\" width=\"800\" height=\"800\" src=\"https:\/\/services.jacobi.net\/wp-content\/uploads\/2025\/05\/About-Us-Page-3.jpg\" class=\"attachment-full size-full wp-image-41766\" alt=\"\" srcset=\"https:\/\/services.jacobi.net\/wp-content\/uploads\/2025\/05\/About-Us-Page-3.jpg 800w, https:\/\/services.jacobi.net\/wp-content\/uploads\/2025\/05\/About-Us-Page-3-300x300.jpg 300w, https:\/\/services.jacobi.net\/wp-content\/uploads\/2025\/05\/About-Us-Page-3-150x150.jpg 150w, https:\/\/services.jacobi.net\/wp-content\/uploads\/2025\/05\/About-Us-Page-3-768x768.jpg 768w\" sizes=\"(max-width: 800px) 100vw, 800px\" \/>\t\t\t\t\t\t\t\t\t\t\t\t\t\t\t<\/div>\n\t\t\t\t<\/div>\n\t\t\t\t<div class=\"elementor-element elementor-element-294927b0 elementor-widget elementor-widget-text-editor\" data-id=\"294927b0\" data-element_type=\"widget\" data-e-type=\"widget\" data-widget_type=\"text-editor.default\">\n\t\t\t\t<div class=\"elementor-widget-container\">\n\t\t\t\t\t\t\t\t\t<h3><span style=\"font-size: 14pt;\"><strong>Das nachhaltige Unternehmen<\/strong><\/span><\/h3><p>Die Nutzung der nat\u00fcrlichen Ressourcen der Erde ist ein wichtiger Gesichtspunkt bei der Planung aller Produktionsanlagen von Jacobi Carbons. Die Herstellung von Aktivkohle wirkt sich auf die Umwelt aus, was durch sorgf\u00e4ltiges Prozessmanagement, die Auswahl nachhaltiger Rohstoffe und die Wiederverwendung von Nebenprodukten gemildert werden kann. Jede Einrichtung von Jacobi arbeitet mit moderner, effizienter Prozessausr\u00fcstung. Die Wiederverwendung der erzeugten W\u00e4rme und des verbrauchten Wassers wird bei jeder sich bietenden Gelegenheit vorgenommen. S\u00e4mtliche \u00fcbersch\u00fcssig erzeugte Energie wird in die lokalen Netze zur\u00fcckgespeist.<\/p>\t\t\t\t\t\t\t\t<\/div>\n\t\t\t\t<\/div>\n\t\t\t\t<\/div>\n\t\t\t\t\t<\/div>\n\t\t\t\t<\/div>\n\t\t\t\t<\/div>\n\t\t","protected":false},"excerpt":{"rendered":"<p>\u00dcBER Die Jacobi Group \u2026 \u2026 ist eine hundertprozentige Tochtergesellschaft der Osaka Gas Chemicals Co., Ltd. (OGC). OGC erwarb Jacobi 2014. \u2026 widmet sich dem Ziel, der nachhaltigste Anbieter in der Branche zu werden. Mit absoluter Konzentration auf Sicherheit, die Bed\u00fcrfnisse unserer Kunden und unserer Mitarbeiter sowie der Gemeinden, in denen wir t\u00e4tig sind. Wir&hellip;<\/p>\n","protected":false},"author":1,"featured_media":0,"parent":0,"menu_order":0,"comment_status":"closed","ping_status":"closed","template":"","meta":{"_acf_changed":false,"footnotes":""},"class_list":["post-41121","page","type-page","status-publish","hentry"],"acf":[],"yoast_head":"<!-- This site is optimized with the Yoast SEO Premium plugin v27.5 (Yoast SEO v27.5) - https:\/\/yoast.com\/product\/yoast-seo-premium-wordpress\/ -->\n<title>Jacobi: A Leading Activated Carbon Supplier &amp; Manufacturer<\/title>\n<meta name=\"description\" content=\"Global suppliers of activated carbon products, ion exchange resins and mobile filter services for a variety of industries and applications.\" \/>\n<meta name=\"robots\" content=\"index, follow, max-snippet:-1, max-image-preview:large, max-video-preview:-1\" \/>\n<link rel=\"canonical\" href=\"https:\/\/services.jacobi.net\/de\/ueber-uns\/\" \/>\n<meta property=\"og:locale\" content=\"de_DE\" \/>\n<meta property=\"og:type\" content=\"article\" \/>\n<meta property=\"og:title\" content=\"\u00dcber uns\" \/>\n<meta property=\"og:description\" content=\"\u00dcBER Die Jacobi Group \u2026 \u2026 ist eine hundertprozentige Tochtergesellschaft der Osaka Gas Chemicals Co., Ltd. (OGC). OGC erwarb Jacobi 2014.\u2026 widmet sich dem\" \/>\n<meta property=\"og:url\" content=\"https:\/\/services.jacobi.net\/de\/ueber-uns\/\" \/>\n<meta property=\"og:site_name\" content=\"Jacobi Services\" \/>\n<meta property=\"article:publisher\" content=\"https:\/\/www.facebook.com\/JacobiCarbonsGroup\" \/>\n<meta property=\"article:modified_time\" content=\"2025-12-04T17:19:27+00:00\" \/>\n<meta property=\"og:image\" content=\"https:\/\/services.jacobi.net\/wp-content\/uploads\/2025\/05\/Filters-3-About-Us-page.png\" \/>\n<meta name=\"twitter:card\" content=\"summary_large_image\" \/>\n<meta name=\"twitter:site\" content=\"@jacobi_carbons\" \/>\n<meta name=\"twitter:label1\" content=\"Gesch\u00e4tzte Lesezeit\" \/>\n\t<meta name=\"twitter:data1\" content=\"4 Minuten\" \/>\n<script type=\"application\/ld+json\" class=\"yoast-schema-graph\">{\"@context\":\"https:\\\/\\\/schema.org\",\"@graph\":[{\"@type\":\"WebPage\",\"@id\":\"https:\\\/\\\/services.jacobi.net\\\/de\\\/ueber-uns\\\/\",\"url\":\"https:\\\/\\\/services.jacobi.net\\\/de\\\/ueber-uns\\\/\",\"name\":\"Jacobi: A Leading Activated Carbon Supplier & Manufacturer\",\"isPartOf\":{\"@id\":\"https:\\\/\\\/services.jacobi.net\\\/de\\\/#website\"},\"primaryImageOfPage\":{\"@id\":\"https:\\\/\\\/services.jacobi.net\\\/de\\\/ueber-uns\\\/#primaryimage\"},\"image\":{\"@id\":\"https:\\\/\\\/services.jacobi.net\\\/de\\\/ueber-uns\\\/#primaryimage\"},\"thumbnailUrl\":\"https:\\\/\\\/services.jacobi.net\\\/wp-content\\\/uploads\\\/2025\\\/05\\\/Filters-3-About-Us-page.png\",\"datePublished\":\"2015-05-02T19:25:03+00:00\",\"dateModified\":\"2025-12-04T17:19:27+00:00\",\"description\":\"Global suppliers of activated carbon products, ion exchange resins and mobile filter services for a variety of industries and applications.\",\"breadcrumb\":{\"@id\":\"https:\\\/\\\/services.jacobi.net\\\/de\\\/ueber-uns\\\/#breadcrumb\"},\"inLanguage\":\"de-DE\",\"potentialAction\":[{\"@type\":\"ReadAction\",\"target\":[\"https:\\\/\\\/services.jacobi.net\\\/de\\\/ueber-uns\\\/\"]}]},{\"@type\":\"ImageObject\",\"inLanguage\":\"de-DE\",\"@id\":\"https:\\\/\\\/services.jacobi.net\\\/de\\\/ueber-uns\\\/#primaryimage\",\"url\":\"https:\\\/\\\/services.jacobi.net\\\/wp-content\\\/uploads\\\/2025\\\/05\\\/Filters-3-About-Us-page.png\",\"contentUrl\":\"https:\\\/\\\/services.jacobi.net\\\/wp-content\\\/uploads\\\/2025\\\/05\\\/Filters-3-About-Us-page.png\"},{\"@type\":\"BreadcrumbList\",\"@id\":\"https:\\\/\\\/services.jacobi.net\\\/de\\\/ueber-uns\\\/#breadcrumb\",\"itemListElement\":[{\"@type\":\"ListItem\",\"position\":1,\"name\":\"Home\",\"item\":\"https:\\\/\\\/services.jacobi.net\\\/de\\\/\"},{\"@type\":\"ListItem\",\"position\":2,\"name\":\"\u00dcber uns\"}]},{\"@type\":\"WebSite\",\"@id\":\"https:\\\/\\\/services.jacobi.net\\\/de\\\/#website\",\"url\":\"https:\\\/\\\/services.jacobi.net\\\/de\\\/\",\"name\":\"Jacobi Services\",\"description\":\"Mobile Filter Services\",\"publisher\":{\"@id\":\"https:\\\/\\\/services.jacobi.net\\\/de\\\/#organization\"},\"potentialAction\":[{\"@type\":\"SearchAction\",\"target\":{\"@type\":\"EntryPoint\",\"urlTemplate\":\"https:\\\/\\\/services.jacobi.net\\\/de\\\/?s={search_term_string}\"},\"query-input\":{\"@type\":\"PropertyValueSpecification\",\"valueRequired\":true,\"valueName\":\"search_term_string\"}}],\"inLanguage\":\"de-DE\"},{\"@type\":\"Organization\",\"@id\":\"https:\\\/\\\/services.jacobi.net\\\/de\\\/#organization\",\"name\":\"Jacobi Carbons\",\"url\":\"https:\\\/\\\/services.jacobi.net\\\/de\\\/\",\"logo\":{\"@type\":\"ImageObject\",\"inLanguage\":\"de-DE\",\"@id\":\"https:\\\/\\\/services.jacobi.net\\\/de\\\/#\\\/schema\\\/logo\\\/image\\\/\",\"url\":\"https:\\\/\\\/services.jacobi.net\\\/wp-content\\\/uploads\\\/2017\\\/04\\\/Jacobi-Carbons-PMS165.jpg\",\"contentUrl\":\"https:\\\/\\\/services.jacobi.net\\\/wp-content\\\/uploads\\\/2017\\\/04\\\/Jacobi-Carbons-PMS165.jpg\",\"width\":758,\"height\":422,\"caption\":\"Jacobi Carbons\"},\"image\":{\"@id\":\"https:\\\/\\\/services.jacobi.net\\\/de\\\/#\\\/schema\\\/logo\\\/image\\\/\"},\"sameAs\":[\"https:\\\/\\\/www.facebook.com\\\/JacobiCarbonsGroup\",\"https:\\\/\\\/x.com\\\/jacobi_carbons\",\"https:\\\/\\\/www.linkedin.com\\\/company\\\/jacobi-carbons\\\/\",\"https:\\\/\\\/www.youtube.com\\\/channel\\\/UCLMBd_DgwXBihVLpof8Lixg\",\"https:\\\/\\\/sv.wikipedia.org\\\/wiki\\\/Jacobi_Carbons\"]}]}<\/script>\n<!-- \/ Yoast SEO Premium plugin. -->","yoast_head_json":{"title":"Jacobi: A Leading Activated Carbon Supplier & Manufacturer","description":"Global suppliers of activated carbon products, ion exchange resins and mobile filter services for a variety of industries and applications.","robots":{"index":"index","follow":"follow","max-snippet":"max-snippet:-1","max-image-preview":"max-image-preview:large","max-video-preview":"max-video-preview:-1"},"canonical":"https:\/\/services.jacobi.net\/de\/ueber-uns\/","og_locale":"de_DE","og_type":"article","og_title":"\u00dcber uns","og_description":"\u00dcBER Die Jacobi Group \u2026 \u2026 ist eine hundertprozentige Tochtergesellschaft der Osaka Gas Chemicals Co., Ltd. (OGC). OGC erwarb Jacobi 2014.\u2026 widmet sich dem","og_url":"https:\/\/services.jacobi.net\/de\/ueber-uns\/","og_site_name":"Jacobi Services","article_publisher":"https:\/\/www.facebook.com\/JacobiCarbonsGroup","article_modified_time":"2025-12-04T17:19:27+00:00","og_image":[{"url":"https:\/\/services.jacobi.net\/wp-content\/uploads\/2025\/05\/Filters-3-About-Us-page.png","type":"","width":"","height":""}],"twitter_card":"summary_large_image","twitter_site":"@jacobi_carbons","twitter_misc":{"Gesch\u00e4tzte Lesezeit":"4 Minuten"},"schema":{"@context":"https:\/\/schema.org","@graph":[{"@type":"WebPage","@id":"https:\/\/services.jacobi.net\/de\/ueber-uns\/","url":"https:\/\/services.jacobi.net\/de\/ueber-uns\/","name":"Jacobi: A Leading Activated Carbon Supplier & Manufacturer","isPartOf":{"@id":"https:\/\/services.jacobi.net\/de\/#website"},"primaryImageOfPage":{"@id":"https:\/\/services.jacobi.net\/de\/ueber-uns\/#primaryimage"},"image":{"@id":"https:\/\/services.jacobi.net\/de\/ueber-uns\/#primaryimage"},"thumbnailUrl":"https:\/\/services.jacobi.net\/wp-content\/uploads\/2025\/05\/Filters-3-About-Us-page.png","datePublished":"2015-05-02T19:25:03+00:00","dateModified":"2025-12-04T17:19:27+00:00","description":"Global suppliers of activated carbon products, ion exchange resins and mobile filter services for a variety of industries and applications.","breadcrumb":{"@id":"https:\/\/services.jacobi.net\/de\/ueber-uns\/#breadcrumb"},"inLanguage":"de-DE","potentialAction":[{"@type":"ReadAction","target":["https:\/\/services.jacobi.net\/de\/ueber-uns\/"]}]},{"@type":"ImageObject","inLanguage":"de-DE","@id":"https:\/\/services.jacobi.net\/de\/ueber-uns\/#primaryimage","url":"https:\/\/services.jacobi.net\/wp-content\/uploads\/2025\/05\/Filters-3-About-Us-page.png","contentUrl":"https:\/\/services.jacobi.net\/wp-content\/uploads\/2025\/05\/Filters-3-About-Us-page.png"},{"@type":"BreadcrumbList","@id":"https:\/\/services.jacobi.net\/de\/ueber-uns\/#breadcrumb","itemListElement":[{"@type":"ListItem","position":1,"name":"Home","item":"https:\/\/services.jacobi.net\/de\/"},{"@type":"ListItem","position":2,"name":"\u00dcber uns"}]},{"@type":"WebSite","@id":"https:\/\/services.jacobi.net\/de\/#website","url":"https:\/\/services.jacobi.net\/de\/","name":"Jacobi Services","description":"Mobile Filter Services","publisher":{"@id":"https:\/\/services.jacobi.net\/de\/#organization"},"potentialAction":[{"@type":"SearchAction","target":{"@type":"EntryPoint","urlTemplate":"https:\/\/services.jacobi.net\/de\/?s={search_term_string}"},"query-input":{"@type":"PropertyValueSpecification","valueRequired":true,"valueName":"search_term_string"}}],"inLanguage":"de-DE"},{"@type":"Organization","@id":"https:\/\/services.jacobi.net\/de\/#organization","name":"Jacobi Carbons","url":"https:\/\/services.jacobi.net\/de\/","logo":{"@type":"ImageObject","inLanguage":"de-DE","@id":"https:\/\/services.jacobi.net\/de\/#\/schema\/logo\/image\/","url":"https:\/\/services.jacobi.net\/wp-content\/uploads\/2017\/04\/Jacobi-Carbons-PMS165.jpg","contentUrl":"https:\/\/services.jacobi.net\/wp-content\/uploads\/2017\/04\/Jacobi-Carbons-PMS165.jpg","width":758,"height":422,"caption":"Jacobi Carbons"},"image":{"@id":"https:\/\/services.jacobi.net\/de\/#\/schema\/logo\/image\/"},"sameAs":["https:\/\/www.facebook.com\/JacobiCarbonsGroup","https:\/\/x.com\/jacobi_carbons","https:\/\/www.linkedin.com\/company\/jacobi-carbons\/","https:\/\/www.youtube.com\/channel\/UCLMBd_DgwXBihVLpof8Lixg","https:\/\/sv.wikipedia.org\/wiki\/Jacobi_Carbons"]}]}},"_links":{"self":[{"href":"https:\/\/services.jacobi.net\/de\/wp-json\/wp\/v2\/pages\/41121","targetHints":{"allow":["GET"]}}],"collection":[{"href":"https:\/\/services.jacobi.net\/de\/wp-json\/wp\/v2\/pages"}],"about":[{"href":"https:\/\/services.jacobi.net\/de\/wp-json\/wp\/v2\/types\/page"}],"author":[{"embeddable":true,"href":"https:\/\/services.jacobi.net\/de\/wp-json\/wp\/v2\/users\/1"}],"replies":[{"embeddable":true,"href":"https:\/\/services.jacobi.net\/de\/wp-json\/wp\/v2\/comments?post=41121"}],"version-history":[{"count":0,"href":"https:\/\/services.jacobi.net\/de\/wp-json\/wp\/v2\/pages\/41121\/revisions"}],"wp:attachment":[{"href":"https:\/\/services.jacobi.net\/de\/wp-json\/wp\/v2\/media?parent=41121"}],"curies":[{"name":"wp","href":"https:\/\/api.w.org\/{rel}","templated":true}]}}