{"id":41124,"date":"2015-05-02T19:25:03","date_gmt":"2015-05-02T19:25:03","guid":{"rendered":"https:\/\/services.jacobi.net\/about\/"},"modified":"2025-10-20T15:32:15","modified_gmt":"2025-10-20T15:32:15","slug":"sobre-nosotros","status":"publish","type":"page","link":"https:\/\/services.jacobi.net\/es\/sobre-nosotros\/","title":{"rendered":"Sobre nosotros"},"content":{"rendered":"\t\t<div data-elementor-type=\"wp-page\" data-elementor-id=\"41124\" class=\"elementor elementor-41124 elementor-14870\" data-elementor-post-type=\"page\">\n\t\t\t\t<div class=\"elementor-element elementor-element-7b2c34a e-flex e-con-boxed e-con e-parent\" data-id=\"7b2c34a\" data-element_type=\"container\" data-e-type=\"container\">\n\t\t\t\t\t<div class=\"e-con-inner\">\n\t\t<div class=\"elementor-element elementor-element-52197d7d e-flex e-con-boxed e-con e-child\" data-id=\"52197d7d\" data-element_type=\"container\" data-e-type=\"container\">\n\t\t\t\t\t<div class=\"e-con-inner\">\n\t\t\t\t<div class=\"elementor-element elementor-element-5aea8d2c elementor-widget elementor-widget-text-editor\" data-id=\"5aea8d2c\" data-element_type=\"widget\" data-e-type=\"widget\" data-widget_type=\"text-editor.default\">\n\t\t\t\t<div class=\"elementor-widget-container\">\n\t\t\t\t\t\t\t\t\t<p>ACERCA DE<\/p>\t\t\t\t\t\t\t\t<\/div>\n\t\t\t\t<\/div>\n\t\t\t\t<div class=\"elementor-element elementor-element-1ce6712c elementor-widget-divider--view-line elementor-widget elementor-widget-divider\" data-id=\"1ce6712c\" data-element_type=\"widget\" data-e-type=\"widget\" data-widget_type=\"divider.default\">\n\t\t\t\t<div class=\"elementor-widget-container\">\n\t\t\t\t\t\t\t<div class=\"elementor-divider\">\n\t\t\t<span class=\"elementor-divider-separator\">\n\t\t\t\t\t\t<\/span>\n\t\t<\/div>\n\t\t\t\t\t\t<\/div>\n\t\t\t\t<\/div>\n\t\t\t\t\t<\/div>\n\t\t\t\t<\/div>\n\t\t\t\t\t<\/div>\n\t\t\t\t<\/div>\n\t\t<div class=\"elementor-element elementor-element-1e829207 e-flex e-con-boxed e-con e-parent\" data-id=\"1e829207\" data-element_type=\"container\" data-e-type=\"container\">\n\t\t\t\t\t<div class=\"e-con-inner\">\n\t\t\t\t<div class=\"elementor-element elementor-element-742b3820 elementor-widget elementor-widget-image\" data-id=\"742b3820\" data-element_type=\"widget\" data-e-type=\"widget\" data-widget_type=\"image.default\">\n\t\t\t\t<div class=\"elementor-widget-container\">\n\t\t\t\t\t\t\t\t\t\t\t\t\t\t\t<img fetchpriority=\"high\" decoding=\"async\" width=\"1200\" height=\"493\" src=\"https:\/\/services.jacobi.net\/wp-content\/uploads\/2025\/05\/Filters-3-About-Us-page.png\" class=\"attachment-full size-full wp-image-41745\" alt=\"\" srcset=\"https:\/\/services.jacobi.net\/wp-content\/uploads\/2025\/05\/Filters-3-About-Us-page.png 1200w, https:\/\/services.jacobi.net\/wp-content\/uploads\/2025\/05\/Filters-3-About-Us-page-300x123.png 300w, https:\/\/services.jacobi.net\/wp-content\/uploads\/2025\/05\/Filters-3-About-Us-page-1024x421.png 1024w, https:\/\/services.jacobi.net\/wp-content\/uploads\/2025\/05\/Filters-3-About-Us-page-768x316.png 768w\" sizes=\"(max-width: 1200px) 100vw, 1200px\" \/>\t\t\t\t\t\t\t\t\t\t\t\t\t\t\t<\/div>\n\t\t\t\t<\/div>\n\t\t\t\t\t<\/div>\n\t\t\t\t<\/div>\n\t\t<div class=\"elementor-element elementor-element-2f54d217 e-flex e-con-boxed e-con e-parent\" data-id=\"2f54d217\" data-element_type=\"container\" data-e-type=\"container\">\n\t\t\t\t\t<div class=\"e-con-inner\">\n\t\t\t\t<div class=\"elementor-element elementor-element-5ff1b379 elementor-widget elementor-widget-heading\" data-id=\"5ff1b379\" data-element_type=\"widget\" data-e-type=\"widget\" data-widget_type=\"heading.default\">\n\t\t\t\t<div class=\"elementor-widget-container\">\n\t\t\t\t\t<h2 class=\"elementor-heading-title elementor-size-default\">Grupo Jacobi es\u2026<\/h2>\t\t\t\t<\/div>\n\t\t\t\t<\/div>\n\t\t\t\t\t<\/div>\n\t\t\t\t<\/div>\n\t\t<div class=\"elementor-element elementor-element-38649d06 e-flex e-con-boxed e-con e-parent\" data-id=\"38649d06\" data-element_type=\"container\" data-e-type=\"container\">\n\t\t\t\t\t<div class=\"e-con-inner\">\n\t\t<div class=\"elementor-element elementor-element-46d3cf52 e-con-full e-flex e-con e-child\" data-id=\"46d3cf52\" data-element_type=\"container\" data-e-type=\"container\">\n\t\t\t\t<div class=\"elementor-element elementor-element-3708c49a elementor-widget elementor-widget-text-editor\" data-id=\"3708c49a\" data-element_type=\"widget\" data-e-type=\"widget\" data-widget_type=\"text-editor.default\">\n\t\t\t\t<div class=\"elementor-widget-container\">\n\t\t\t\t\t\t\t\t\t<p>\u2026 una filial propiedad absoluta de Osaka Gas Chemicals Co., Ltd. (OGC). OGC adquiri\u00f3 Jacobi en 2014.<\/p><p>\u2026 un proveedor cuyo objetivo es convertirse en el m\u00e1s sostenible del sector. Nuestro foco de atenci\u00f3n se centra en la seguridad, en las necesidades del cliente y de nuestro personal, as\u00ed como, en las comunidades donde operamos. Adoptamos un planteamiento innovador para satisfacer las necesidades futuras de los clientes y reducir nuestro impacto medioambiental.<\/p><p>\u2026 el productor de carb\u00f3n activo a base de c\u00e1scara de coco m\u00e1s grande del mundo, con m\u00e1s del doble de capacidad que cualquier otro productor. La c\u00e1scara de coco es la materia prima comercial m\u00e1s sostenible para producir carb\u00f3n activo.<\/p><p>\u2026 una organizaci\u00f3n internacional, con 20 instalaciones de fabricaci\u00f3n y procesamiento repartidas por todo el mundo, y 2 plantas de reactivaci\u00f3n en Europa.<\/p>\t\t\t\t\t\t\t\t<\/div>\n\t\t\t\t<\/div>\n\t\t\t\t<\/div>\n\t\t<div class=\"elementor-element elementor-element-7b787845 e-con-full e-flex e-con e-child\" data-id=\"7b787845\" data-element_type=\"container\" data-e-type=\"container\">\n\t\t\t\t<div class=\"elementor-element elementor-element-2e970820 elementor-widget elementor-widget-text-editor\" data-id=\"2e970820\" data-element_type=\"widget\" data-e-type=\"widget\" data-widget_type=\"text-editor.default\">\n\t\t\t\t<div class=\"elementor-widget-container\">\n\t\t\t\t\t\t\t\t\t<p>\u2026 el proveedor de la m\u00e1s amplia gama de carbones activos de la industria, como los carbones a base de c\u00e1scara de coco, carb\u00f3n bituminoso, lignito y madera. El carb\u00f3n activo se ofrece al cliente en formato granular, en polvo, extru\u00eddo, esf\u00e9rico y en fieltro, tambi\u00e9n disponemos de una gama completa de resinas de intercambio i\u00f3nico y soluciones de servicio para filtros.<\/p><p>\u2026 la empresa cuyo objetivo es ser la m\u00e1s innovadora de la industria gracias a nuestro equipo l\u00edder de I+D cuya sede est\u00e1 en Jap\u00f3n.<\/p><p>\u2026 la compa\u00f1\u00eda con m\u00e1s de 1850 empleados profesionales especializados.<\/p><p>\u2026 una empresa con una sencilla misi\u00f3n: ser el proveedor preferido de nuestros clientes de carb\u00f3n activo, resinas de intercambio i\u00f3nico y soluciones de servicio para filtros, con un soporte t\u00e9cnico y un servicio al cliente insuperables.<\/p>\t\t\t\t\t\t\t\t<\/div>\n\t\t\t\t<\/div>\n\t\t\t\t<\/div>\n\t\t\t\t\t<\/div>\n\t\t\t\t<\/div>\n\t\t<div class=\"elementor-element elementor-element-6df8e7af e-flex e-con-boxed e-con e-parent\" data-id=\"6df8e7af\" data-element_type=\"container\" data-e-type=\"container\">\n\t\t\t\t\t<div class=\"e-con-inner\">\n\t\t<div class=\"elementor-element elementor-element-6a86c292 e-con-full e-flex e-con e-child\" data-id=\"6a86c292\" data-element_type=\"container\" data-e-type=\"container\">\n\t\t\t\t<div class=\"elementor-element elementor-element-1648dab2 elementor-widget elementor-widget-image\" data-id=\"1648dab2\" data-element_type=\"widget\" data-e-type=\"widget\" data-widget_type=\"image.default\">\n\t\t\t\t<div class=\"elementor-widget-container\">\n\t\t\t\t\t\t\t\t\t\t\t\t\t\t\t<img decoding=\"async\" width=\"800\" height=\"800\" src=\"https:\/\/services.jacobi.net\/wp-content\/uploads\/2025\/05\/About-Us-Page-22-1.jpg\" class=\"attachment-full size-full wp-image-41753\" alt=\"\" srcset=\"https:\/\/services.jacobi.net\/wp-content\/uploads\/2025\/05\/About-Us-Page-22-1.jpg 800w, https:\/\/services.jacobi.net\/wp-content\/uploads\/2025\/05\/About-Us-Page-22-1-300x300.jpg 300w, https:\/\/services.jacobi.net\/wp-content\/uploads\/2025\/05\/About-Us-Page-22-1-150x150.jpg 150w, https:\/\/services.jacobi.net\/wp-content\/uploads\/2025\/05\/About-Us-Page-22-1-768x768.jpg 768w\" sizes=\"(max-width: 800px) 100vw, 800px\" \/>\t\t\t\t\t\t\t\t\t\t\t\t\t\t\t<\/div>\n\t\t\t\t<\/div>\n\t\t\t\t<div class=\"elementor-element elementor-element-626aa41a elementor-widget elementor-widget-text-editor\" data-id=\"626aa41a\" data-element_type=\"widget\" data-e-type=\"widget\" data-widget_type=\"text-editor.default\">\n\t\t\t\t<div class=\"elementor-widget-container\">\n\t\t\t\t\t\t\t\t\t<h3><strong><span style=\"font-size: 14pt;\">Compa\u00f1\u00eda de calidad<\/span><\/strong><\/h3><p>Jacobi Carbons est\u00e1 totalmente comprometida en alcanzar el objetivo de calidad plena, desde la primera llamada telef\u00f3nica hasta asegurarse de que el producto entregado cumpla y supere los requisitos especificados.<\/p><p>Jacobi Carbons es una organizaci\u00f3n acreditada que cumple con las rigurosas normas internacionales ISO-9000 y, a su vez, cumple con normas locales de producci\u00f3n, distribuci\u00f3n y puntos de administraci\u00f3n.<\/p><p>Nuestros estrictos procedimientos de control de calidad garantizan un producto de calidad con un embalaje de producto l\u00edder en el sector y un excelente servicio al cliente, en todo momento.<\/p>\t\t\t\t\t\t\t\t<\/div>\n\t\t\t\t<\/div>\n\t\t\t\t<\/div>\n\t\t<div class=\"elementor-element elementor-element-390c3f73 e-con-full e-flex e-con e-child\" data-id=\"390c3f73\" data-element_type=\"container\" data-e-type=\"container\">\n\t\t\t\t<div class=\"elementor-element elementor-element-14e73ee6 elementor-widget elementor-widget-image\" data-id=\"14e73ee6\" data-element_type=\"widget\" data-e-type=\"widget\" data-widget_type=\"image.default\">\n\t\t\t\t<div class=\"elementor-widget-container\">\n\t\t\t\t\t\t\t\t\t\t\t\t\t\t\t<img decoding=\"async\" width=\"800\" height=\"800\" src=\"https:\/\/services.jacobi.net\/wp-content\/uploads\/2025\/05\/About-Us-Page-1.jpg\" class=\"attachment-full size-full wp-image-41761\" alt=\"\" srcset=\"https:\/\/services.jacobi.net\/wp-content\/uploads\/2025\/05\/About-Us-Page-1.jpg 800w, https:\/\/services.jacobi.net\/wp-content\/uploads\/2025\/05\/About-Us-Page-1-300x300.jpg 300w, https:\/\/services.jacobi.net\/wp-content\/uploads\/2025\/05\/About-Us-Page-1-150x150.jpg 150w, https:\/\/services.jacobi.net\/wp-content\/uploads\/2025\/05\/About-Us-Page-1-768x768.jpg 768w\" sizes=\"(max-width: 800px) 100vw, 800px\" \/>\t\t\t\t\t\t\t\t\t\t\t\t\t\t\t<\/div>\n\t\t\t\t<\/div>\n\t\t\t\t<div class=\"elementor-element elementor-element-3be96d85 elementor-widget elementor-widget-text-editor\" data-id=\"3be96d85\" data-element_type=\"widget\" data-e-type=\"widget\" data-widget_type=\"text-editor.default\">\n\t\t\t\t<div class=\"elementor-widget-container\">\n\t\t\t\t\t\t\t\t\t<h3><span style=\"font-size: 14pt;\"><strong>Empresa responsable<\/strong><\/span><\/h3><p>Jacobi Carbons es muy consciente de la responsabilidad que tiene una gran corporaci\u00f3n en relaci\u00f3n a los derechos y el bienestar de sus empleados e igualmente el resto de partes interesadas. Adicionalmente, el hecho de que muchas de nuestras instalaciones de producci\u00f3n se encuentran emplazadas en pa\u00edses en desarrollo nos obliga a garantizar que el impacto social de nuestras operaciones sean positivas y no perjudiciales para las regiones en donde operamos. Jacobi se adhiere plenamente a los preceptos fundamentales de organizaciones como la Agencia Sueca de Desarrollo Internacional (Swedish International Development Agency o SIDA), que comprometen a los inversores a salvaguardar a todos los empleados y sus familias, a no explotar a las personas j\u00f3venes o vulnerables y a contribuir activamente con las comunidades locales. Jacobi Carbons no emplea a ni\u00f1os, ni infringe las regulaciones sobre el cumplimiento de los salarios y las condiciones laborales m\u00ednimas.<\/p>\t\t\t\t\t\t\t\t<\/div>\n\t\t\t\t<\/div>\n\t\t\t\t<\/div>\n\t\t<div class=\"elementor-element elementor-element-2b247198 e-con-full e-flex e-con e-child\" data-id=\"2b247198\" data-element_type=\"container\" data-e-type=\"container\">\n\t\t\t\t<div class=\"elementor-element elementor-element-abd7120 elementor-widget elementor-widget-image\" data-id=\"abd7120\" data-element_type=\"widget\" data-e-type=\"widget\" data-widget_type=\"image.default\">\n\t\t\t\t<div class=\"elementor-widget-container\">\n\t\t\t\t\t\t\t\t\t\t\t\t\t\t\t<img loading=\"lazy\" decoding=\"async\" width=\"800\" height=\"800\" src=\"https:\/\/services.jacobi.net\/wp-content\/uploads\/2025\/05\/About-Us-Page-3.jpg\" class=\"attachment-full size-full wp-image-41769\" alt=\"\" srcset=\"https:\/\/services.jacobi.net\/wp-content\/uploads\/2025\/05\/About-Us-Page-3.jpg 800w, https:\/\/services.jacobi.net\/wp-content\/uploads\/2025\/05\/About-Us-Page-3-300x300.jpg 300w, https:\/\/services.jacobi.net\/wp-content\/uploads\/2025\/05\/About-Us-Page-3-150x150.jpg 150w, https:\/\/services.jacobi.net\/wp-content\/uploads\/2025\/05\/About-Us-Page-3-768x768.jpg 768w\" sizes=\"(max-width: 800px) 100vw, 800px\" \/>\t\t\t\t\t\t\t\t\t\t\t\t\t\t\t<\/div>\n\t\t\t\t<\/div>\n\t\t\t\t<div class=\"elementor-element elementor-element-294927b0 elementor-widget elementor-widget-text-editor\" data-id=\"294927b0\" data-element_type=\"widget\" data-e-type=\"widget\" data-widget_type=\"text-editor.default\">\n\t\t\t\t<div class=\"elementor-widget-container\">\n\t\t\t\t\t\t\t\t\t<h3><span style=\"font-size: 14pt;\"><strong>Compa\u00f1\u00eda sostenible<\/strong><\/span><\/h3><p>El uso eficiente de los recursos naturales del planeta es un factor significativo en el dise\u00f1o de todas las instalaciones de producci\u00f3n de Jacobi Carbons. La producci\u00f3n de carb\u00f3n activo tiene impactos medioambientales que pueden ser mitigados mediante una cuidadosa gesti\u00f3n de procesos, selecci\u00f3n de materias primas sostenibles y reutilizaci\u00f3n de los productos derivados. Cada instalaci\u00f3n de Jacobi opera con modernos y eficientes equipos de procesamiento. Tanto el calor generado como el agua consumida se reutilizan cada vez que sea posible. Cualquier excedente de energ\u00eda generada se devuelve a las redes locales. Responsabilidad social y \u00e9tica.<\/p>\t\t\t\t\t\t\t\t<\/div>\n\t\t\t\t<\/div>\n\t\t\t\t<\/div>\n\t\t\t\t\t<\/div>\n\t\t\t\t<\/div>\n\t\t\t\t<\/div>\n\t\t","protected":false},"excerpt":{"rendered":"<p>ACERCA DE Grupo Jacobi es\u2026 \u2026 una filial propiedad absoluta de Osaka Gas Chemicals Co., Ltd. (OGC). OGC adquiri\u00f3 Jacobi en 2014. \u2026 un proveedor cuyo objetivo es convertirse en el m\u00e1s sostenible del sector. Nuestro foco de atenci\u00f3n se centra en la seguridad, en las necesidades del cliente y de nuestro personal, as\u00ed como,&hellip;<\/p>\n","protected":false},"author":1,"featured_media":0,"parent":0,"menu_order":0,"comment_status":"closed","ping_status":"closed","template":"","meta":{"_acf_changed":false,"footnotes":""},"class_list":["post-41124","page","type-page","status-publish","hentry"],"acf":[],"yoast_head":"<!-- This site is optimized with the Yoast SEO Premium plugin v27.4 (Yoast SEO v27.4) - https:\/\/yoast.com\/product\/yoast-seo-premium-wordpress\/ -->\n<title>Jacobi: A Leading Activated Carbon Supplier &amp; Manufacturer<\/title>\n<meta name=\"description\" content=\"Global suppliers of activated carbon products, ion exchange resins and mobile filter services for a variety of industries and applications.\" \/>\n<meta name=\"robots\" content=\"index, follow, max-snippet:-1, max-image-preview:large, max-video-preview:-1\" \/>\n<link rel=\"canonical\" href=\"https:\/\/services.jacobi.net\/es\/sobre-nosotros\/\" \/>\n<meta property=\"og:locale\" content=\"es_ES\" \/>\n<meta property=\"og:type\" content=\"article\" \/>\n<meta property=\"og:title\" content=\"Sobre nosotros\" \/>\n<meta property=\"og:description\" content=\"ACERCA DE Grupo Jacobi es\u2026 \u2026 una filial propiedad absoluta de Osaka Gas Chemicals Co., Ltd. (OGC). OGC adquiri\u00f3 Jacobi en 2014.\u2026 un proveedor cuyo\" \/>\n<meta property=\"og:url\" content=\"https:\/\/services.jacobi.net\/es\/sobre-nosotros\/\" \/>\n<meta property=\"og:site_name\" content=\"Jacobi Services\" \/>\n<meta property=\"article:publisher\" content=\"https:\/\/www.facebook.com\/JacobiCarbonsGroup\" \/>\n<meta property=\"article:modified_time\" content=\"2025-10-20T15:32:15+00:00\" \/>\n<meta property=\"og:image\" content=\"https:\/\/services.jacobi.net\/wp-content\/uploads\/2025\/05\/Filters-3-About-Us-page.png\" \/>\n<meta name=\"twitter:card\" content=\"summary_large_image\" \/>\n<meta name=\"twitter:site\" content=\"@jacobi_carbons\" \/>\n<meta name=\"twitter:label1\" content=\"Tiempo de lectura\" \/>\n\t<meta name=\"twitter:data1\" content=\"4 minutos\" \/>\n<script type=\"application\/ld+json\" class=\"yoast-schema-graph\">{\"@context\":\"https:\\\/\\\/schema.org\",\"@graph\":[{\"@type\":\"WebPage\",\"@id\":\"https:\\\/\\\/services.jacobi.net\\\/es\\\/sobre-nosotros\\\/\",\"url\":\"https:\\\/\\\/services.jacobi.net\\\/es\\\/sobre-nosotros\\\/\",\"name\":\"Jacobi: A Leading Activated Carbon Supplier & Manufacturer\",\"isPartOf\":{\"@id\":\"https:\\\/\\\/services.jacobi.net\\\/es\\\/#website\"},\"primaryImageOfPage\":{\"@id\":\"https:\\\/\\\/services.jacobi.net\\\/es\\\/sobre-nosotros\\\/#primaryimage\"},\"image\":{\"@id\":\"https:\\\/\\\/services.jacobi.net\\\/es\\\/sobre-nosotros\\\/#primaryimage\"},\"thumbnailUrl\":\"https:\\\/\\\/services.jacobi.net\\\/wp-content\\\/uploads\\\/2025\\\/05\\\/Filters-3-About-Us-page.png\",\"datePublished\":\"2015-05-02T19:25:03+00:00\",\"dateModified\":\"2025-10-20T15:32:15+00:00\",\"description\":\"Global suppliers of activated carbon products, ion exchange resins and mobile filter services for a variety of industries and applications.\",\"breadcrumb\":{\"@id\":\"https:\\\/\\\/services.jacobi.net\\\/es\\\/sobre-nosotros\\\/#breadcrumb\"},\"inLanguage\":\"es\",\"potentialAction\":[{\"@type\":\"ReadAction\",\"target\":[\"https:\\\/\\\/services.jacobi.net\\\/es\\\/sobre-nosotros\\\/\"]}]},{\"@type\":\"ImageObject\",\"inLanguage\":\"es\",\"@id\":\"https:\\\/\\\/services.jacobi.net\\\/es\\\/sobre-nosotros\\\/#primaryimage\",\"url\":\"https:\\\/\\\/services.jacobi.net\\\/wp-content\\\/uploads\\\/2025\\\/05\\\/Filters-3-About-Us-page.png\",\"contentUrl\":\"https:\\\/\\\/services.jacobi.net\\\/wp-content\\\/uploads\\\/2025\\\/05\\\/Filters-3-About-Us-page.png\"},{\"@type\":\"BreadcrumbList\",\"@id\":\"https:\\\/\\\/services.jacobi.net\\\/es\\\/sobre-nosotros\\\/#breadcrumb\",\"itemListElement\":[{\"@type\":\"ListItem\",\"position\":1,\"name\":\"Home\",\"item\":\"https:\\\/\\\/services.jacobi.net\\\/es\\\/inicio\\\/\"},{\"@type\":\"ListItem\",\"position\":2,\"name\":\"Sobre nosotros\"}]},{\"@type\":\"WebSite\",\"@id\":\"https:\\\/\\\/services.jacobi.net\\\/es\\\/#website\",\"url\":\"https:\\\/\\\/services.jacobi.net\\\/es\\\/\",\"name\":\"Jacobi Services\",\"description\":\"Mobile Filter Services\",\"publisher\":{\"@id\":\"https:\\\/\\\/services.jacobi.net\\\/es\\\/#organization\"},\"potentialAction\":[{\"@type\":\"SearchAction\",\"target\":{\"@type\":\"EntryPoint\",\"urlTemplate\":\"https:\\\/\\\/services.jacobi.net\\\/es\\\/?s={search_term_string}\"},\"query-input\":{\"@type\":\"PropertyValueSpecification\",\"valueRequired\":true,\"valueName\":\"search_term_string\"}}],\"inLanguage\":\"es\"},{\"@type\":\"Organization\",\"@id\":\"https:\\\/\\\/services.jacobi.net\\\/es\\\/#organization\",\"name\":\"Jacobi Carbons\",\"url\":\"https:\\\/\\\/services.jacobi.net\\\/es\\\/\",\"logo\":{\"@type\":\"ImageObject\",\"inLanguage\":\"es\",\"@id\":\"https:\\\/\\\/services.jacobi.net\\\/es\\\/#\\\/schema\\\/logo\\\/image\\\/\",\"url\":\"https:\\\/\\\/services.jacobi.net\\\/wp-content\\\/uploads\\\/2017\\\/04\\\/Jacobi-Carbons-PMS165.jpg\",\"contentUrl\":\"https:\\\/\\\/services.jacobi.net\\\/wp-content\\\/uploads\\\/2017\\\/04\\\/Jacobi-Carbons-PMS165.jpg\",\"width\":758,\"height\":422,\"caption\":\"Jacobi Carbons\"},\"image\":{\"@id\":\"https:\\\/\\\/services.jacobi.net\\\/es\\\/#\\\/schema\\\/logo\\\/image\\\/\"},\"sameAs\":[\"https:\\\/\\\/www.facebook.com\\\/JacobiCarbonsGroup\",\"https:\\\/\\\/x.com\\\/jacobi_carbons\",\"https:\\\/\\\/www.linkedin.com\\\/company\\\/jacobi-carbons\\\/\",\"https:\\\/\\\/www.youtube.com\\\/channel\\\/UCLMBd_DgwXBihVLpof8Lixg\",\"https:\\\/\\\/sv.wikipedia.org\\\/wiki\\\/Jacobi_Carbons\"]}]}<\/script>\n<!-- \/ Yoast SEO Premium plugin. -->","yoast_head_json":{"title":"Jacobi: A Leading Activated Carbon Supplier & Manufacturer","description":"Global suppliers of activated carbon products, ion exchange resins and mobile filter services for a variety of industries and applications.","robots":{"index":"index","follow":"follow","max-snippet":"max-snippet:-1","max-image-preview":"max-image-preview:large","max-video-preview":"max-video-preview:-1"},"canonical":"https:\/\/services.jacobi.net\/es\/sobre-nosotros\/","og_locale":"es_ES","og_type":"article","og_title":"Sobre nosotros","og_description":"ACERCA DE Grupo Jacobi es\u2026 \u2026 una filial propiedad absoluta de Osaka Gas Chemicals Co., Ltd. (OGC). OGC adquiri\u00f3 Jacobi en 2014.\u2026 un proveedor cuyo","og_url":"https:\/\/services.jacobi.net\/es\/sobre-nosotros\/","og_site_name":"Jacobi Services","article_publisher":"https:\/\/www.facebook.com\/JacobiCarbonsGroup","article_modified_time":"2025-10-20T15:32:15+00:00","og_image":[{"url":"https:\/\/services.jacobi.net\/wp-content\/uploads\/2025\/05\/Filters-3-About-Us-page.png","type":"","width":"","height":""}],"twitter_card":"summary_large_image","twitter_site":"@jacobi_carbons","twitter_misc":{"Tiempo de lectura":"4 minutos"},"schema":{"@context":"https:\/\/schema.org","@graph":[{"@type":"WebPage","@id":"https:\/\/services.jacobi.net\/es\/sobre-nosotros\/","url":"https:\/\/services.jacobi.net\/es\/sobre-nosotros\/","name":"Jacobi: A Leading Activated Carbon Supplier & Manufacturer","isPartOf":{"@id":"https:\/\/services.jacobi.net\/es\/#website"},"primaryImageOfPage":{"@id":"https:\/\/services.jacobi.net\/es\/sobre-nosotros\/#primaryimage"},"image":{"@id":"https:\/\/services.jacobi.net\/es\/sobre-nosotros\/#primaryimage"},"thumbnailUrl":"https:\/\/services.jacobi.net\/wp-content\/uploads\/2025\/05\/Filters-3-About-Us-page.png","datePublished":"2015-05-02T19:25:03+00:00","dateModified":"2025-10-20T15:32:15+00:00","description":"Global suppliers of activated carbon products, ion exchange resins and mobile filter services for a variety of industries and applications.","breadcrumb":{"@id":"https:\/\/services.jacobi.net\/es\/sobre-nosotros\/#breadcrumb"},"inLanguage":"es","potentialAction":[{"@type":"ReadAction","target":["https:\/\/services.jacobi.net\/es\/sobre-nosotros\/"]}]},{"@type":"ImageObject","inLanguage":"es","@id":"https:\/\/services.jacobi.net\/es\/sobre-nosotros\/#primaryimage","url":"https:\/\/services.jacobi.net\/wp-content\/uploads\/2025\/05\/Filters-3-About-Us-page.png","contentUrl":"https:\/\/services.jacobi.net\/wp-content\/uploads\/2025\/05\/Filters-3-About-Us-page.png"},{"@type":"BreadcrumbList","@id":"https:\/\/services.jacobi.net\/es\/sobre-nosotros\/#breadcrumb","itemListElement":[{"@type":"ListItem","position":1,"name":"Home","item":"https:\/\/services.jacobi.net\/es\/inicio\/"},{"@type":"ListItem","position":2,"name":"Sobre nosotros"}]},{"@type":"WebSite","@id":"https:\/\/services.jacobi.net\/es\/#website","url":"https:\/\/services.jacobi.net\/es\/","name":"Jacobi Services","description":"Mobile Filter Services","publisher":{"@id":"https:\/\/services.jacobi.net\/es\/#organization"},"potentialAction":[{"@type":"SearchAction","target":{"@type":"EntryPoint","urlTemplate":"https:\/\/services.jacobi.net\/es\/?s={search_term_string}"},"query-input":{"@type":"PropertyValueSpecification","valueRequired":true,"valueName":"search_term_string"}}],"inLanguage":"es"},{"@type":"Organization","@id":"https:\/\/services.jacobi.net\/es\/#organization","name":"Jacobi Carbons","url":"https:\/\/services.jacobi.net\/es\/","logo":{"@type":"ImageObject","inLanguage":"es","@id":"https:\/\/services.jacobi.net\/es\/#\/schema\/logo\/image\/","url":"https:\/\/services.jacobi.net\/wp-content\/uploads\/2017\/04\/Jacobi-Carbons-PMS165.jpg","contentUrl":"https:\/\/services.jacobi.net\/wp-content\/uploads\/2017\/04\/Jacobi-Carbons-PMS165.jpg","width":758,"height":422,"caption":"Jacobi Carbons"},"image":{"@id":"https:\/\/services.jacobi.net\/es\/#\/schema\/logo\/image\/"},"sameAs":["https:\/\/www.facebook.com\/JacobiCarbonsGroup","https:\/\/x.com\/jacobi_carbons","https:\/\/www.linkedin.com\/company\/jacobi-carbons\/","https:\/\/www.youtube.com\/channel\/UCLMBd_DgwXBihVLpof8Lixg","https:\/\/sv.wikipedia.org\/wiki\/Jacobi_Carbons"]}]}},"_links":{"self":[{"href":"https:\/\/services.jacobi.net\/es\/wp-json\/wp\/v2\/pages\/41124","targetHints":{"allow":["GET"]}}],"collection":[{"href":"https:\/\/services.jacobi.net\/es\/wp-json\/wp\/v2\/pages"}],"about":[{"href":"https:\/\/services.jacobi.net\/es\/wp-json\/wp\/v2\/types\/page"}],"author":[{"embeddable":true,"href":"https:\/\/services.jacobi.net\/es\/wp-json\/wp\/v2\/users\/1"}],"replies":[{"embeddable":true,"href":"https:\/\/services.jacobi.net\/es\/wp-json\/wp\/v2\/comments?post=41124"}],"version-history":[{"count":0,"href":"https:\/\/services.jacobi.net\/es\/wp-json\/wp\/v2\/pages\/41124\/revisions"}],"wp:attachment":[{"href":"https:\/\/services.jacobi.net\/es\/wp-json\/wp\/v2\/media?parent=41124"}],"curies":[{"name":"wp","href":"https:\/\/api.w.org\/{rel}","templated":true}]}}