{"id":40813,"date":"2022-02-14T14:31:06","date_gmt":"2022-02-14T14:31:06","guid":{"rendered":"https:\/\/services.jacobi.net\/?page_id=40813"},"modified":"2022-02-14T14:31:24","modified_gmt":"2022-02-14T14:31:24","slug":"comment-jacobi-contribue-a-produire-du-desinfectant-pendant-la-crise-du-coronavirus","status":"publish","type":"page","link":"https:\/\/services.jacobi.net\/fr\/comment-jacobi-contribue-a-produire-du-desinfectant-pendant-la-crise-du-coronavirus\/","title":{"rendered":"Comment Jacobi contribue \u00e0 produire du d\u00e9sinfectant pendant la crise du coronavirus"},"content":{"rendered":"<p>[vc_row][vc_column][vc_column_text]<\/p>\n<h3>How Jacobi helps make disinfectant during coronavirus crisis.<\/h3>\n<p>Several beverage and chemical producers are contributing to support the fight against the Corona virus. One of the efforts is to produce pure alcohol for the production disinfectant gels. The Jacobi group can support and accelerate these efforts with readily available samples, different adsorption media and ready to ship food grade mobile filters.<\/p>\n<p>When making disinfectant products, an important part of the process is the purification of the chemical ingredients that solution is made up of. This requires removal of substances that can be harmful, add smell or add colour in order to leave an effective and pleasant solution.<\/p>\n<p>Disinfectant production has never been a major target till it suddenly increased importance due to the corona situation. Knowing it is produced from multiple sources, it becomes a new and complex challenge. <a href=\"https:\/\/oldsiteservice.wpengine.com\/\">Jacobi<\/a> has extensive experience in purification of alcohol in the beverage industry that we can build on.[\/vc_column_text][vc_empty_space height=\u00a0\u00bb10px\u00a0\u00bb][vc_column_text]<\/p>\n<h3>The purification of distilled alcohol &#8211; The Jacobi group and the beverage industry<\/h3>\n<p>It is not commonly recognised that activated carbon and ion exchange resins, and in particular those supplied by the Jacobi group, play an important role in the beverage industry. Our products are directly involved in the production of non-alcoholic drinks like natural bottled water, soft drinks and fruit juices but also in fermented and\/or distilled alcoholic drinks, such as wine, beer, vermouth, and vodka.<\/p>\n<p>We offer tailor made solutions for a <a href=\"https:\/\/oldsiteservice.wpengine.com\/\">wide range of applications<\/a> within the beverage industry and to the suppliers of raw materials used in alcoholic and non-alcoholic drinks manufacture. Whether in the form of media supply only or the provision of a comprehensive service, alongside media handling or as a packaged mobile filter solution, Jacobi is able to meet the requirements of beverage manufacturers around the world.<\/p>\n<p>Table 1 gives a brief overview of the typical applications in the <a href=\"https:\/\/www.jacobi.net\/food-beverage\/\">beverage industry.<\/a>[\/vc_column_text][vc_separator][vc_column_text]<em>Table 1: Applications in the beverage industry and the industry that supplies beverage ingredients:<\/em><\/p>\n<table>\n<tbody>\n<tr>\n<td>\n<p style=\"text-align: left;\"><strong>Beverage<\/strong><\/p>\n<\/td>\n<td style=\"text-align: left;\"><strong>Duty<\/strong><\/td>\n<td style=\"text-align: center;\"><strong>Activated carbon<\/strong><\/td>\n<td style=\"text-align: center;\"><strong>Ion exchange resins<\/strong><\/td>\n<td style=\"text-align: center;\"><strong>Mobile filters<\/strong><\/td>\n<\/tr>\n<tr>\n<td>Apple juice<\/td>\n<td>Patulin removal<\/td>\n<td style=\"text-align: center;\">x<\/td>\n<td style=\"text-align: center;\">x<\/td>\n<td><\/td>\n<\/tr>\n<tr>\n<td>Wine<\/td>\n<td>Colour, taste and odour correction<\/td>\n<td style=\"text-align: center;\">x<\/td>\n<td><\/td>\n<td><\/td>\n<\/tr>\n<tr>\n<td>Wine<\/td>\n<td>Stabilization<\/td>\n<td><\/td>\n<td style=\"text-align: center;\">x<\/td>\n<td><\/td>\n<\/tr>\n<tr>\n<td>Clear beers<\/td>\n<td>Clear beers<\/td>\n<td style=\"text-align: center;\">x<\/td>\n<td style=\"text-align: center;\">\u00a0x<\/td>\n<td style=\"text-align: center;\">x<\/td>\n<\/tr>\n<tr>\n<td>Vermouth<\/td>\n<td>Colour, taste and odour removal<\/td>\n<td style=\"text-align: center;\">x<\/td>\n<td><\/td>\n<td><\/td>\n<\/tr>\n<tr>\n<td>Soft drink and brewery raw water<\/td>\n<td>Dechlorination and THM removal<\/td>\n<td style=\"text-align: center;\">x<\/td>\n<td style=\"text-align: center;\">x<\/td>\n<td><\/td>\n<\/tr>\n<tr>\n<td>Fruit juice (Citrus juice,\u2026)<\/td>\n<td>Bitterness removal<\/td>\n<td><\/td>\n<td style=\"text-align: center;\">x<\/td>\n<td><\/td>\n<\/tr>\n<tr>\n<td>Fruit juice (Citrus juice,\u2026)<\/td>\n<td>Deacidification<\/td>\n<td><\/td>\n<td style=\"text-align: center;\">x<\/td>\n<td><\/td>\n<\/tr>\n<tr>\n<td>Alcopop<\/td>\n<td>Decolourisation<\/td>\n<td style=\"text-align: center;\">x<\/td>\n<td><\/td>\n<td><\/td>\n<\/tr>\n<tr>\n<td>Distilled alcohols (vodka, \u2026)<\/td>\n<td>Taste and odour improvement<\/td>\n<td style=\"text-align: center;\">x<\/td>\n<td><\/td>\n<td style=\"text-align: center;\">x<\/td>\n<\/tr>\n<tr>\n<td>Bottlers<\/td>\n<td>Dichlorination<\/td>\n<td style=\"text-align: center;\">x<\/td>\n<td style=\"text-align: center;\">x<\/td>\n<td><\/td>\n<\/tr>\n<tr>\n<td>Mineral water<\/td>\n<td>Process water treatment for bottle cleaning<\/td>\n<td style=\"text-align: center;\">x<\/td>\n<td style=\"text-align: center;\">x<\/td>\n<td><\/td>\n<\/tr>\n<tr>\n<td>Apple juice<\/td>\n<td>Colour correction during ultrafiltration<\/td>\n<td style=\"text-align: center;\">x<\/td>\n<td><\/td>\n<td><\/td>\n<\/tr>\n<tr>\n<td>Apple juice<\/td>\n<td>Demineralization &amp; Haze retardation<\/td>\n<td><\/td>\n<td style=\"text-align: center;\">x<\/td>\n<td><\/td>\n<\/tr>\n<tr>\n<td>Tea<\/td>\n<td>Decaffeination<\/td>\n<td style=\"text-align: center;\">x<\/td>\n<td><\/td>\n<td><\/td>\n<\/tr>\n<tr>\n<td>Coffee<\/td>\n<td>Decaffeination<\/td>\n<td style=\"text-align: center;\">x<\/td>\n<td><\/td>\n<td><\/td>\n<\/tr>\n<tr>\n<td>\n<p style=\"text-align: left;\"><strong>Raw material supplier<\/strong><\/p>\n<\/td>\n<td style=\"text-align: left;\"><strong>\u00a0<\/strong><\/td>\n<td style=\"text-align: left;\"><strong>\u00a0<\/strong><\/td>\n<td style=\"text-align: left;\"><strong>\u00a0<\/strong><\/td>\n<td>\n<p style=\"text-align: left;\"><strong>\u00a0<\/strong><\/p>\n<\/td>\n<\/tr>\n<tr>\n<td>Can manufacturer<\/td>\n<td>Process water treatment<\/td>\n<td style=\"text-align: center;\">x<\/td>\n<td><\/td>\n<td style=\"text-align: center;\">x<\/td>\n<\/tr>\n<tr>\n<td>Sweeteners and sugar<\/td>\n<td style=\"text-align: left;\">Decolourisation<\/td>\n<td style=\"text-align: center;\">x<\/td>\n<td style=\"text-align: center;\">x<\/td>\n<td style=\"text-align: center;\">x<\/td>\n<\/tr>\n<tr>\n<td>Citric acid<\/td>\n<td>Purification &amp; decolourisation<\/td>\n<td style=\"text-align: center;\">x<\/td>\n<td style=\"text-align: center;\">x<\/td>\n<td style=\"text-align: center;\">x<\/td>\n<\/tr>\n<tr>\n<td>Sweeteners and sugar<\/td>\n<td>Deashing<\/td>\n<td><\/td>\n<td style=\"text-align: center;\">x<\/td>\n<td><\/td>\n<\/tr>\n<tr>\n<td>Sweeteners and sugar<\/td>\n<td>Softening<\/td>\n<td><\/td>\n<td style=\"text-align: center;\">x<\/td>\n<td><\/td>\n<\/tr>\n<tr>\n<td>Carbon dioxide (CO\u2082)<\/td>\n<td>Purification<\/td>\n<td style=\"text-align: center;\">x<\/td>\n<td><\/td>\n<td><\/td>\n<\/tr>\n<tr>\n<td style=\"text-align: left;\">Phosphoric acid (P\u2082O\u2085)<\/td>\n<td style=\"text-align: left;\">Purification &amp; decolourisation<\/td>\n<td style=\"text-align: center;\">x<\/td>\n<td style=\"text-align: center;\">x<\/td>\n<td style=\"text-align: left;\">\n<p style=\"text-align: center;\"><\/td>\n<\/tr>\n<\/tbody>\n<\/table>\n<p>[\/vc_column_text][ultimate_spacer height=\u00a0\u00bb10&Prime;][ultimate_spacer height=\u00a0\u00bb10&Prime;][vc_column_text]<\/p>\n<h3>The purification of distilled alcohol &#8211; constantly improving quality.<\/h3>\n<p>The beverage industry is continually looking for new ways to improve quality and to ensure that the obtained quality is stable, thereby extended shelf-life. For example, vodka is made in different steps and in some of these steps Jacobi products are used:[\/vc_column_text][ultimate_spacer height=\u00a0\u00bb20&Prime;][vc_row_inner][vc_column_inner][vc_single_image image=\u00a0\u00bb20471&Prime; img_size=\u00a0\u00bb800&#215;500&Prime;][vc_column_text]<strong>Fermentation:<\/strong> Production of ethanol by fermenting hydrolysed starch from grain and potatoes or sugar from beet or grapes using yeast. The most used yeast strains can only survive up to approximately 14-16% (V\/V) ethanol.[\/vc_column_text][vc_icon icon_fontawesome=\u00a0\u00bbfas fa-arrow-down\u00a0\u00bb color=\u00a0\u00bbcustom\u00a0\u00bb align=\u00a0\u00bbcenter\u00a0\u00bb custom_color=\u00a0\u00bb#ff6600&Prime;][\/vc_column_inner][\/vc_row_inner][ultimate_spacer height=\u00a0\u00bb20&Prime;][vc_row_inner][vc_column_inner][vc_single_image image=\u00a0\u00bb20464&Prime; img_size=\u00a0\u00bb800&#215;500&Prime;][vc_column_text]<strong>Distillation<\/strong> to increase the ethanol concentration from 14-16% (V\/V) to approximately 95% ethanol for base spirits production. The vodka producer can procure high strength neutral spirit and dilute it with water, bottle and then supply it to his local market.[\/vc_column_text][vc_icon icon_fontawesome=\u00a0\u00bbfas fa-arrow-down\u00a0\u00bb color=\u00a0\u00bbcustom\u00a0\u00bb align=\u00a0\u00bbcenter\u00a0\u00bb custom_color=\u00a0\u00bb#ff6600&Prime;][\/vc_column_inner][\/vc_row_inner][ultimate_spacer height=\u00a0\u00bb20&Prime;][vc_row_inner][vc_column_inner][vc_single_image image=\u00a0\u00bb20492&Prime; img_size=\u00a0\u00bb800&#215;500&Prime;][vc_column_text]<strong>Added Hydration<\/strong> to bottling strength by adding softened water which is low in salts and ions. When water is blended with ethanol there is formation of small amounts of heat. Therefore, some distillers prefer to gradually hydrate their spirit.[\/vc_column_text][vc_icon icon_fontawesome=\u00a0\u00bbfas fa-arrow-down\u00a0\u00bb color=\u00a0\u00bbcustom\u00a0\u00bb align=\u00a0\u00bbcenter\u00a0\u00bb custom_color=\u00a0\u00bb#ff6600&Prime;][\/vc_column_inner][\/vc_row_inner][ultimate_spacer height=\u00a0\u00bb20&Prime;][vc_row_inner][vc_column_inner][vc_single_image image=\u00a0\u00bb20478&Prime; img_size=\u00a0\u00bb800&#215;500&Prime;][vc_column_text]<strong>L&rsquo;ajout <\/strong><strong>d&rsquo;additifs <\/strong>: la douceur et la viscosit\u00e9 de la vodka sont obtenues gr\u00e2ce \u00e0 l&rsquo;ajout de quantit\u00e9s infimes de sucre, de miel, de glyc\u00e9rine et\/ou d&rsquo;acide citrique.[\/vc_column_text][vc_icon icon_fontawesome=\u00a0\u00bbfas fa-arrow-down\u00a0\u00bb color=\u00a0\u00bbcustom\u00a0\u00bb align=\u00a0\u00bbcenter\u00a0\u00bb custom_color=\u00a0\u00bb#ff6600&Prime;][\/vc_column_inner][\/vc_row_inner][ultimate_spacer height=\u00a0\u00bb20&Prime;][vc_row_inner][vc_column_inner][vc_single_image image=\u00a0\u00bb20393&Prime; img_size=\u00a0\u00bb\u00a0\u00bb][vc_column_text]<strong>La filtration <\/strong>: le go\u00fbt et l&rsquo;odeur des boissons sont am\u00e9lior\u00e9s gr\u00e2ce \u00e0 une filtration au charbon actif, qui \u00e9limine les compos\u00e9s aromatiques polyph\u00e9noliques organiques non-volatils et les compos\u00e9s organiques volatils, comme les alcools sup\u00e9rieurs (huiles de fusel), les esters organiques, etc.[\/vc_column_text][vc_icon icon_fontawesome=\u00a0\u00bbfas fa-arrow-down\u00a0\u00bb color=\u00a0\u00bbcustom\u00a0\u00bb align=\u00a0\u00bbcenter\u00a0\u00bb custom_color=\u00a0\u00bb#ff6600&Prime;][\/vc_column_inner][\/vc_row_inner][ultimate_spacer height=\u00a0\u00bb20&Prime;][vc_row_inner][vc_column_inner][vc_single_image image=\u00a0\u00bb20485&Prime; img_size=\u00a0\u00bb800&#215;500&Prime;][vc_column_text]<strong>Le contr\u00f4le qualit\u00e9 (CQ) <\/strong>: l&rsquo;une des \u00e9tapes les plus importantes avant la mise sur le march\u00e9 d&rsquo;un produit est le contr\u00f4le qualit\u00e9. C&rsquo;est \u00e0 ce moment-l\u00e0 que l&rsquo;aspect visuel et le go\u00fbt sont \u00e9valu\u00e9s pour garantir la satisfaction client.[\/vc_column_text][vc_icon icon_fontawesome=\u00a0\u00bbfas fa-arrow-down\u00a0\u00bb color=\u00a0\u00bbcustom\u00a0\u00bb align=\u00a0\u00bbcenter\u00a0\u00bb custom_color=\u00a0\u00bb#ff6600&Prime;][\/vc_column_inner][\/vc_row_inner][ultimate_spacer height=\u00a0\u00bb20&Prime;][vc_row_inner][vc_column_inner][vc_single_image image=\u00a0\u00bb20457&Prime; img_size=\u00a0\u00bb800&#215;500&Prime;][vc_column_text]<strong>Bottling:<\/strong> Providing softened water for bottle or can rinsing activities to remove residues from container manufacture or storage.[\/vc_column_text][\/vc_column_inner][\/vc_row_inner][ultimate_spacer height=\u00a0\u00bb20&Prime;][vc_row_inner][vc_column_inner][vc_column_text]Activated charcoal filtration of vodka was introduced in the 18th century in Russia by Theodore Lowitz to make the national drink \u201cmore hygienic\u201d. <a href=\"https:\/\/www.jacobi.net\/\">Activated carbon<\/a> is still used today to improve the quality of vodka for trace impurities without reintroducing dissolved salts and ions such as calcium carbonate, calcium sulphate, iron and magnesium.<\/p>\n<p>ColorSorb&#x2122; H620 has been successfully used for the purification of vodka. This high purity, premium food grade activated carbon is readily available and has a pore size distribution that is developed during production to remove a broad range of impurities. The quality of alcohol mainly depends on the raw materials used and more importantly the distillation process employed.<\/p>\n<p>Purification of alcohol for disinfectant production \u2013 contribution against COVID-19 pandemic<\/p>\n<p>As you can see we have several applications in the beverage market. We want to use our experience to help you in the efforts to produce disinfectant that is required during the global pandemic and for the future. We know a lot of companies have changed their production in order to product alcohol based disinfectants and our team of Jacobi experts are on-hand to help in fine tuning the process.[\/vc_column_text][vc_column_text]<\/p>\n<h3>Get in touch today to order a sample.<\/h3>\n<p>Samples of Colorsorb H620 are available upon request to perform preliminary laboratory tests (known as jar tests) to see if the desired impurity level can be reached. A bulletin is available to provide guidance on how to quickly perform these tests. All you have to do is fill out the short form below and one of our Jacobi experts will be in touch depending on your region.[\/vc_column_text][vc_column_text]<\/p>\n<h3>Need engineering support? Jacobi also supplier filter units!<\/h3>\n<p>The Jacobi group also delivers food grade stainless steel mobile adsorbers of the AquaFlow&#x2122; type for easy use of the ColorSorb&#x2122; H620. The<a href=\"https:\/\/oldsiteservice.wpengine.com\/liquid-treatment-with-industrial-filters\/\"> filters<\/a> are readily available in stock and can be shipped upon request. They offer simple plug and play capability to fit straight into your production facility. Ask us for more information by simply filling out the form below.[\/vc_column_text][\/vc_column_inner][\/vc_row_inner][\/vc_column][\/vc_row][vc_row][vc_column]<!DOCTYPE html><html><head><meta charset='UTF-8' \/><\/head><body class='GF_AJAX_POSTBACK'><p class=\"gform_not_found\">A\u00efe ! Nous n\u2019avons pas retrouv\u00e9 votre formulaire.<\/p><\/body><\/html>[\/vc_column][\/vc_row]<\/p>\n","protected":false},"excerpt":{"rendered":"<p>[vc_row][vc_column][vc_column_text] How Jacobi helps make disinfectant during coronavirus crisis. Several beverage and chemical producers are contributing to support the fight against the Corona virus. One of the efforts is to produce pure alcohol for the production disinfectant gels. The Jacobi group can support and accelerate these efforts with readily available samples, different adsorption media and&hellip;<\/p>\n","protected":false},"author":1,"featured_media":0,"parent":0,"menu_order":0,"comment_status":"closed","ping_status":"closed","template":"","meta":{"_acf_changed":false,"footnotes":""},"class_list":["post-40813","page","type-page","status-publish","hentry","description-off"],"acf":[],"yoast_head":"<!-- This site is optimized with the Yoast SEO Premium plugin v27.0 (Yoast SEO v27.0) - https:\/\/yoast.com\/product\/yoast-seo-premium-wordpress\/ -->\n<title>Comment Jacobi contribue \u00e0 produire du d\u00e9sinfectant pendant la crise du coronavirus | Jacobi Services<\/title>\n<meta name=\"robots\" content=\"index, follow, max-snippet:-1, max-image-preview:large, max-video-preview:-1\" \/>\n<link rel=\"canonical\" href=\"https:\/\/services.jacobi.net\/fr\/comment-jacobi-contribue-a-produire-du-desinfectant-pendant-la-crise-du-coronavirus\/\" \/>\n<meta property=\"og:locale\" content=\"fr_FR\" \/>\n<meta property=\"og:type\" content=\"article\" \/>\n<meta property=\"og:title\" content=\"Comment Jacobi contribue \u00e0 produire du d\u00e9sinfectant pendant la crise du coronavirus\" \/>\n<meta property=\"og:description\" content=\"How Jacobi helps make disinfectant during coronavirus crisis. Several beverage and chemical producers are contributing to support the fight against the\" \/>\n<meta property=\"og:url\" content=\"https:\/\/services.jacobi.net\/fr\/comment-jacobi-contribue-a-produire-du-desinfectant-pendant-la-crise-du-coronavirus\/\" \/>\n<meta property=\"og:site_name\" content=\"Jacobi Services\" \/>\n<meta property=\"article:publisher\" content=\"https:\/\/www.facebook.com\/JacobiCarbonsGroup\" \/>\n<meta property=\"article:modified_time\" content=\"2022-02-14T14:31:24+00:00\" \/>\n<meta property=\"og:image\" content=\"https:\/\/services.jacobi.net\/wp-content\/uploads\/2020\/04\/jacobi-logo-sttandard-1.png\" \/>\n\t<meta property=\"og:image:width\" content=\"102\" \/>\n\t<meta property=\"og:image:height\" content=\"120\" \/>\n\t<meta property=\"og:image:type\" content=\"image\/png\" \/>\n<meta name=\"twitter:card\" content=\"summary_large_image\" \/>\n<meta name=\"twitter:site\" content=\"@jacobi_carbons\" \/>\n<meta name=\"twitter:label1\" content=\"Dur\u00e9e de lecture estim\u00e9e\" \/>\n\t<meta name=\"twitter:data1\" content=\"7 minutes\" \/>\n<script type=\"application\/ld+json\" class=\"yoast-schema-graph\">{\"@context\":\"https:\/\/schema.org\",\"@graph\":[{\"@type\":\"WebPage\",\"@id\":\"https:\/\/services.jacobi.net\/fr\/comment-jacobi-contribue-a-produire-du-desinfectant-pendant-la-crise-du-coronavirus\/\",\"url\":\"https:\/\/services.jacobi.net\/fr\/comment-jacobi-contribue-a-produire-du-desinfectant-pendant-la-crise-du-coronavirus\/\",\"name\":\"Comment Jacobi contribue \u00e0 produire du d\u00e9sinfectant pendant la crise du coronavirus | Jacobi Services\",\"isPartOf\":{\"@id\":\"https:\/\/services.jacobi.net\/fr\/#website\"},\"datePublished\":\"2022-02-14T14:31:06+00:00\",\"dateModified\":\"2022-02-14T14:31:24+00:00\",\"breadcrumb\":{\"@id\":\"https:\/\/services.jacobi.net\/fr\/comment-jacobi-contribue-a-produire-du-desinfectant-pendant-la-crise-du-coronavirus\/#breadcrumb\"},\"inLanguage\":\"fr-FR\",\"potentialAction\":[{\"@type\":\"ReadAction\",\"target\":[\"https:\/\/services.jacobi.net\/fr\/comment-jacobi-contribue-a-produire-du-desinfectant-pendant-la-crise-du-coronavirus\/\"]}]},{\"@type\":\"BreadcrumbList\",\"@id\":\"https:\/\/services.jacobi.net\/fr\/comment-jacobi-contribue-a-produire-du-desinfectant-pendant-la-crise-du-coronavirus\/#breadcrumb\",\"itemListElement\":[{\"@type\":\"ListItem\",\"position\":1,\"name\":\"Home\",\"item\":\"https:\/\/services.jacobi.net\/fr\/\"},{\"@type\":\"ListItem\",\"position\":2,\"name\":\"Comment Jacobi contribue \u00e0 produire du d\u00e9sinfectant pendant la crise du coronavirus\"}]},{\"@type\":\"WebSite\",\"@id\":\"https:\/\/services.jacobi.net\/fr\/#website\",\"url\":\"https:\/\/services.jacobi.net\/fr\/\",\"name\":\"Jacobi Services\",\"description\":\"Mobile Filter Services\",\"publisher\":{\"@id\":\"https:\/\/services.jacobi.net\/fr\/#organization\"},\"potentialAction\":[{\"@type\":\"SearchAction\",\"target\":{\"@type\":\"EntryPoint\",\"urlTemplate\":\"https:\/\/services.jacobi.net\/fr\/?s={search_term_string}\"},\"query-input\":{\"@type\":\"PropertyValueSpecification\",\"valueRequired\":true,\"valueName\":\"search_term_string\"}}],\"inLanguage\":\"fr-FR\"},{\"@type\":\"Organization\",\"@id\":\"https:\/\/services.jacobi.net\/fr\/#organization\",\"name\":\"Jacobi Carbons\",\"url\":\"https:\/\/services.jacobi.net\/fr\/\",\"logo\":{\"@type\":\"ImageObject\",\"inLanguage\":\"fr-FR\",\"@id\":\"https:\/\/services.jacobi.net\/fr\/#\/schema\/logo\/image\/\",\"url\":\"https:\/\/services.jacobi.net\/wp-content\/uploads\/2017\/04\/Jacobi-Carbons-PMS165.jpg\",\"contentUrl\":\"https:\/\/services.jacobi.net\/wp-content\/uploads\/2017\/04\/Jacobi-Carbons-PMS165.jpg\",\"width\":758,\"height\":422,\"caption\":\"Jacobi Carbons\"},\"image\":{\"@id\":\"https:\/\/services.jacobi.net\/fr\/#\/schema\/logo\/image\/\"},\"sameAs\":[\"https:\/\/www.facebook.com\/JacobiCarbonsGroup\",\"https:\/\/x.com\/jacobi_carbons\",\"https:\/\/www.linkedin.com\/company\/jacobi-carbons\/\",\"https:\/\/www.youtube.com\/channel\/UCLMBd_DgwXBihVLpof8Lixg\",\"https:\/\/sv.wikipedia.org\/wiki\/Jacobi_Carbons\"]}]}<\/script>\n<!-- \/ Yoast SEO Premium plugin. -->","yoast_head_json":{"title":"Comment Jacobi contribue \u00e0 produire du d\u00e9sinfectant pendant la crise du coronavirus | Jacobi Services","robots":{"index":"index","follow":"follow","max-snippet":"max-snippet:-1","max-image-preview":"max-image-preview:large","max-video-preview":"max-video-preview:-1"},"canonical":"https:\/\/services.jacobi.net\/fr\/comment-jacobi-contribue-a-produire-du-desinfectant-pendant-la-crise-du-coronavirus\/","og_locale":"fr_FR","og_type":"article","og_title":"Comment Jacobi contribue \u00e0 produire du d\u00e9sinfectant pendant la crise du coronavirus","og_description":"How Jacobi helps make disinfectant during coronavirus crisis. Several beverage and chemical producers are contributing to support the fight against the","og_url":"https:\/\/services.jacobi.net\/fr\/comment-jacobi-contribue-a-produire-du-desinfectant-pendant-la-crise-du-coronavirus\/","og_site_name":"Jacobi Services","article_publisher":"https:\/\/www.facebook.com\/JacobiCarbonsGroup","article_modified_time":"2022-02-14T14:31:24+00:00","og_image":[{"width":102,"height":120,"url":"https:\/\/services.jacobi.net\/wp-content\/uploads\/2020\/04\/jacobi-logo-sttandard-1.png","type":"image\/png"}],"twitter_card":"summary_large_image","twitter_site":"@jacobi_carbons","twitter_misc":{"Dur\u00e9e de lecture estim\u00e9e":"7 minutes"},"schema":{"@context":"https:\/\/schema.org","@graph":[{"@type":"WebPage","@id":"https:\/\/services.jacobi.net\/fr\/comment-jacobi-contribue-a-produire-du-desinfectant-pendant-la-crise-du-coronavirus\/","url":"https:\/\/services.jacobi.net\/fr\/comment-jacobi-contribue-a-produire-du-desinfectant-pendant-la-crise-du-coronavirus\/","name":"Comment Jacobi contribue \u00e0 produire du d\u00e9sinfectant pendant la crise du coronavirus | Jacobi Services","isPartOf":{"@id":"https:\/\/services.jacobi.net\/fr\/#website"},"datePublished":"2022-02-14T14:31:06+00:00","dateModified":"2022-02-14T14:31:24+00:00","breadcrumb":{"@id":"https:\/\/services.jacobi.net\/fr\/comment-jacobi-contribue-a-produire-du-desinfectant-pendant-la-crise-du-coronavirus\/#breadcrumb"},"inLanguage":"fr-FR","potentialAction":[{"@type":"ReadAction","target":["https:\/\/services.jacobi.net\/fr\/comment-jacobi-contribue-a-produire-du-desinfectant-pendant-la-crise-du-coronavirus\/"]}]},{"@type":"BreadcrumbList","@id":"https:\/\/services.jacobi.net\/fr\/comment-jacobi-contribue-a-produire-du-desinfectant-pendant-la-crise-du-coronavirus\/#breadcrumb","itemListElement":[{"@type":"ListItem","position":1,"name":"Home","item":"https:\/\/services.jacobi.net\/fr\/"},{"@type":"ListItem","position":2,"name":"Comment Jacobi contribue \u00e0 produire du d\u00e9sinfectant pendant la crise du coronavirus"}]},{"@type":"WebSite","@id":"https:\/\/services.jacobi.net\/fr\/#website","url":"https:\/\/services.jacobi.net\/fr\/","name":"Jacobi Services","description":"Mobile Filter Services","publisher":{"@id":"https:\/\/services.jacobi.net\/fr\/#organization"},"potentialAction":[{"@type":"SearchAction","target":{"@type":"EntryPoint","urlTemplate":"https:\/\/services.jacobi.net\/fr\/?s={search_term_string}"},"query-input":{"@type":"PropertyValueSpecification","valueRequired":true,"valueName":"search_term_string"}}],"inLanguage":"fr-FR"},{"@type":"Organization","@id":"https:\/\/services.jacobi.net\/fr\/#organization","name":"Jacobi Carbons","url":"https:\/\/services.jacobi.net\/fr\/","logo":{"@type":"ImageObject","inLanguage":"fr-FR","@id":"https:\/\/services.jacobi.net\/fr\/#\/schema\/logo\/image\/","url":"https:\/\/services.jacobi.net\/wp-content\/uploads\/2017\/04\/Jacobi-Carbons-PMS165.jpg","contentUrl":"https:\/\/services.jacobi.net\/wp-content\/uploads\/2017\/04\/Jacobi-Carbons-PMS165.jpg","width":758,"height":422,"caption":"Jacobi Carbons"},"image":{"@id":"https:\/\/services.jacobi.net\/fr\/#\/schema\/logo\/image\/"},"sameAs":["https:\/\/www.facebook.com\/JacobiCarbonsGroup","https:\/\/x.com\/jacobi_carbons","https:\/\/www.linkedin.com\/company\/jacobi-carbons\/","https:\/\/www.youtube.com\/channel\/UCLMBd_DgwXBihVLpof8Lixg","https:\/\/sv.wikipedia.org\/wiki\/Jacobi_Carbons"]}]}},"_links":{"self":[{"href":"https:\/\/services.jacobi.net\/fr\/wp-json\/wp\/v2\/pages\/40813","targetHints":{"allow":["GET"]}}],"collection":[{"href":"https:\/\/services.jacobi.net\/fr\/wp-json\/wp\/v2\/pages"}],"about":[{"href":"https:\/\/services.jacobi.net\/fr\/wp-json\/wp\/v2\/types\/page"}],"author":[{"embeddable":true,"href":"https:\/\/services.jacobi.net\/fr\/wp-json\/wp\/v2\/users\/1"}],"replies":[{"embeddable":true,"href":"https:\/\/services.jacobi.net\/fr\/wp-json\/wp\/v2\/comments?post=40813"}],"version-history":[{"count":0,"href":"https:\/\/services.jacobi.net\/fr\/wp-json\/wp\/v2\/pages\/40813\/revisions"}],"wp:attachment":[{"href":"https:\/\/services.jacobi.net\/fr\/wp-json\/wp\/v2\/media?parent=40813"}],"curies":[{"name":"wp","href":"https:\/\/api.w.org\/{rel}","templated":true}]}}