{"id":41144,"date":"2015-02-12T23:14:32","date_gmt":"2015-02-12T23:14:32","guid":{"rendered":"https:\/\/services.jacobi.net\/certification-regulations\/"},"modified":"2025-05-28T08:18:00","modified_gmt":"2025-05-28T08:18:00","slug":"certification-et-reglementation","status":"publish","type":"page","link":"https:\/\/services.jacobi.net\/fr\/certification-et-reglementation\/","title":{"rendered":"Certification et r\u00e9glementation"},"content":{"rendered":"\t\t<div data-elementor-type=\"wp-page\" data-elementor-id=\"41144\" class=\"elementor elementor-41144 elementor-14428\" data-elementor-post-type=\"page\">\n\t\t\t\t<div class=\"elementor-element elementor-element-1ba25c6b e-flex e-con-boxed e-con e-parent\" data-id=\"1ba25c6b\" data-element_type=\"container\" data-e-type=\"container\">\n\t\t\t\t\t<div class=\"e-con-inner\">\n\t\t\t\t<div class=\"elementor-element elementor-element-592a603f elementor-widget elementor-widget-text-editor\" data-id=\"592a603f\" data-element_type=\"widget\" data-e-type=\"widget\" data-widget_type=\"text-editor.default\">\n\t\t\t\t<div class=\"elementor-widget-container\">\n\t\t\t\t\t\t\t\t\t<h3><span class=\"breadcrumb-1\">Notre activit\u00e9 est r\u00e9glement\u00e9e par de nombreux organismes, voici ici quelques-uns d&rsquo;entre eux avec lesquels nous sommes affili\u00e9s.<\/span><\/h3><p>American Society for Testing and Materials<br \/><a href=\"http:\/\/www.astm.org\/\" target=\"_blank\" rel=\"noopener\">www.astm.org<\/a><\/p><p>National Sanitary Foundation<br \/><a href=\"http:\/\/www.nsf.org\/\" target=\"_blank\" rel=\"noopener\">www.nsf.org<\/a><\/p><p>Lien vers les produits de Jacobi approuv\u00e9s par NSF<br \/><a href=\"http:\/\/info.nsf.org\/Certified\/Common\/Company.asp?CompanyName=Jacobi&amp;x=0&amp;y=0\" target=\"_blank\" rel=\"noopener\">http:\/\/info.nsf.org\/Certified\/Common\/Company.asp?CompanyName=Jacobi&amp;x=0&amp;y=0<\/a><\/p><p>REACH<br \/><a href=\"http:\/\/ec.europa.eu\/environment\/chemicals\/reach\/reach_intro.htm\" target=\"_blank\" rel=\"noopener\">http:\/\/ec.europa.eu\/environment\/chemicals\/reach\/reach_intro.htm<\/a><\/p><p>European Chemicals Agency (ECHA)<br \/><a href=\"http:\/\/echa.europa.eu\/\" target=\"_blank\" rel=\"noopener\">http:\/\/echa.europa.eu<\/a><\/p><p>Bureau Veritas Group<br \/><a href=\"http:\/\/www.bureauveritas.com\/\" target=\"_blank\" rel=\"noopener\">www.bureauveritas.com<\/a><\/p><p>SGS Group<br \/><a href=\"http:\/\/www.sgs.com\/\" target=\"_blank\" rel=\"noopener\">www.sgs.com<\/a><\/p><p>\u00a0<\/p><h3>Liens externes<\/h3><p>The Water and Sewerage Journal<\/p><p><a href=\"http:\/\/mediapack.waterjournal.co.uk\/\">http:\/\/mediapack.waterjournal.co.uk\/<\/a><\/p><p>\u00a0<\/p><h3>Soci\u00e9t\u00e9s du groupe<\/h3><p>Compagnie m\u00e8re de Jacobi &#8211; Osaka Gas<\/p><p><a href=\"http:\/\/www.ogc.co.jp\/shirasagi\/e\/\">Pour visiter le site de Osaka Gas veuillez cliquer ici.<\/a><\/p><p>Division op\u00e9rationnelle &#8211; Resinex<\/p><p><a href=\"https:\/\/resinex.jacobi.net\/\">Pour visiter le site de Resinex veuillez cliquer ici.<\/a><\/p><p>\u00a0<\/p><h3>Conditions g\u00e9n\u00e9rales de vente<\/h3><p>Allemagne: \u00a0\u00a0<a href=\"https:\/\/jacobi.box.com\/shared\/static\/nw075at1o6z1t4rv8m9o.pdf\">https:\/\/jacobi.box.com\/shared\/static<\/a><\/p><p>\u00a0<\/p><h3>Certification de d\u00e9veloppement durable<\/h3><p><a href=\"https:\/\/www.wqa.org\/Find-Products\/ctl\/Detail\/mid\/1054\/cid\/JACOBI_CARBONS_INC\/sid\/54\/keyword\/Jacobi\" target=\"_blank\" rel=\"noopener\">https:\/\/www.wqa.org\/Find-Products\/ctl\/Detail\/mid\/1054\/cid\/JACOBI_CARBONS_INC\/sid\/54\/keyword\/Jacobi<\/a><\/p>\t\t\t\t\t\t\t\t<\/div>\n\t\t\t\t<\/div>\n\t\t\t\t\t<\/div>\n\t\t\t\t<\/div>\n\t\t\t\t<\/div>\n\t\t","protected":false},"excerpt":{"rendered":"<p>Notre activit\u00e9 est r\u00e9glement\u00e9e par de nombreux organismes, voici ici quelques-uns d&rsquo;entre eux avec lesquels nous sommes affili\u00e9s. American Society for Testing and Materialswww.astm.org National Sanitary Foundationwww.nsf.org Lien vers les produits de Jacobi approuv\u00e9s par NSFhttp:\/\/info.nsf.org\/Certified\/Common\/Company.asp?CompanyName=Jacobi&amp;x=0&amp;y=0 REACHhttp:\/\/ec.europa.eu\/environment\/chemicals\/reach\/reach_intro.htm European Chemicals Agency (ECHA)http:\/\/echa.europa.eu Bureau Veritas Groupwww.bureauveritas.com SGS Groupwww.sgs.com \u00a0 Liens externes The Water and Sewerage Journal http:\/\/mediapack.waterjournal.co.uk\/&hellip;<\/p>\n","protected":false},"author":1,"featured_media":42016,"parent":0,"menu_order":0,"comment_status":"closed","ping_status":"closed","template":"","meta":{"_acf_changed":false,"footnotes":""},"class_list":["post-41144","page","type-page","status-publish","has-post-thumbnail","hentry"],"acf":[],"yoast_head":"<!-- This site is optimized with the Yoast SEO Premium plugin v27.0 (Yoast SEO v27.0) - https:\/\/yoast.com\/product\/yoast-seo-premium-wordpress\/ -->\n<title>Certifications and regulations | Jacobi Carbons<\/title>\n<meta name=\"description\" content=\"There are many different bodies legislating our industry. Find details of just some that Jacobi Carbons are affiliated with.\" \/>\n<meta name=\"robots\" content=\"index, follow, max-snippet:-1, max-image-preview:large, max-video-preview:-1\" \/>\n<link rel=\"canonical\" href=\"https:\/\/services.jacobi.net\/fr\/certification-et-reglementation\/\" \/>\n<meta property=\"og:locale\" content=\"fr_FR\" \/>\n<meta property=\"og:type\" content=\"article\" \/>\n<meta property=\"og:title\" content=\"Certification et r\u00e9glementation\" \/>\n<meta property=\"og:description\" content=\"Notre activit\u00e9 est r\u00e9glement\u00e9e par de nombreux organismes, voici ici quelques-uns d&#039;entre eux avec lesquels nous sommes affili\u00e9s.American Society for\" \/>\n<meta property=\"og:url\" content=\"https:\/\/services.jacobi.net\/fr\/certification-et-reglementation\/\" \/>\n<meta property=\"og:site_name\" content=\"Jacobi Services\" \/>\n<meta property=\"article:publisher\" content=\"https:\/\/www.facebook.com\/JacobiCarbonsGroup\" \/>\n<meta property=\"article:modified_time\" content=\"2025-05-28T08:18:00+00:00\" \/>\n<meta property=\"og:image\" content=\"https:\/\/services.jacobi.net\/wp-content\/uploads\/2025\/05\/header-1-1.jpg\" \/>\n\t<meta property=\"og:image:width\" content=\"936\" \/>\n\t<meta property=\"og:image:height\" content=\"624\" \/>\n\t<meta property=\"og:image:type\" content=\"image\/jpeg\" \/>\n<meta name=\"twitter:card\" content=\"summary_large_image\" \/>\n<meta name=\"twitter:site\" content=\"@jacobi_carbons\" \/>\n<meta name=\"twitter:label1\" content=\"Dur\u00e9e de lecture estim\u00e9e\" \/>\n\t<meta name=\"twitter:data1\" content=\"1 minute\" \/>\n<script type=\"application\/ld+json\" class=\"yoast-schema-graph\">{\"@context\":\"https:\/\/schema.org\",\"@graph\":[{\"@type\":\"WebPage\",\"@id\":\"https:\/\/services.jacobi.net\/fr\/certification-et-reglementation\/\",\"url\":\"https:\/\/services.jacobi.net\/fr\/certification-et-reglementation\/\",\"name\":\"Certifications and regulations | Jacobi Carbons\",\"isPartOf\":{\"@id\":\"https:\/\/services.jacobi.net\/fr\/#website\"},\"primaryImageOfPage\":{\"@id\":\"https:\/\/services.jacobi.net\/fr\/certification-et-reglementation\/#primaryimage\"},\"image\":{\"@id\":\"https:\/\/services.jacobi.net\/fr\/certification-et-reglementation\/#primaryimage\"},\"thumbnailUrl\":\"https:\/\/services.jacobi.net\/wp-content\/uploads\/2025\/05\/header-1-1.jpg\",\"datePublished\":\"2015-02-12T23:14:32+00:00\",\"dateModified\":\"2025-05-28T08:18:00+00:00\",\"description\":\"There are many different bodies legislating our industry. Find details of just some that Jacobi Carbons are affiliated with.\",\"breadcrumb\":{\"@id\":\"https:\/\/services.jacobi.net\/fr\/certification-et-reglementation\/#breadcrumb\"},\"inLanguage\":\"fr-FR\",\"potentialAction\":[{\"@type\":\"ReadAction\",\"target\":[\"https:\/\/services.jacobi.net\/fr\/certification-et-reglementation\/\"]}]},{\"@type\":\"ImageObject\",\"inLanguage\":\"fr-FR\",\"@id\":\"https:\/\/services.jacobi.net\/fr\/certification-et-reglementation\/#primaryimage\",\"url\":\"https:\/\/services.jacobi.net\/wp-content\/uploads\/2025\/05\/header-1-1.jpg\",\"contentUrl\":\"https:\/\/services.jacobi.net\/wp-content\/uploads\/2025\/05\/header-1-1.jpg\",\"width\":936,\"height\":624},{\"@type\":\"BreadcrumbList\",\"@id\":\"https:\/\/services.jacobi.net\/fr\/certification-et-reglementation\/#breadcrumb\",\"itemListElement\":[{\"@type\":\"ListItem\",\"position\":1,\"name\":\"Home\",\"item\":\"https:\/\/services.jacobi.net\/fr\/\"},{\"@type\":\"ListItem\",\"position\":2,\"name\":\"Certification et r\u00e9glementation\"}]},{\"@type\":\"WebSite\",\"@id\":\"https:\/\/services.jacobi.net\/fr\/#website\",\"url\":\"https:\/\/services.jacobi.net\/fr\/\",\"name\":\"Jacobi Services\",\"description\":\"Mobile Filter Services\",\"publisher\":{\"@id\":\"https:\/\/services.jacobi.net\/fr\/#organization\"},\"potentialAction\":[{\"@type\":\"SearchAction\",\"target\":{\"@type\":\"EntryPoint\",\"urlTemplate\":\"https:\/\/services.jacobi.net\/fr\/?s={search_term_string}\"},\"query-input\":{\"@type\":\"PropertyValueSpecification\",\"valueRequired\":true,\"valueName\":\"search_term_string\"}}],\"inLanguage\":\"fr-FR\"},{\"@type\":\"Organization\",\"@id\":\"https:\/\/services.jacobi.net\/fr\/#organization\",\"name\":\"Jacobi Carbons\",\"url\":\"https:\/\/services.jacobi.net\/fr\/\",\"logo\":{\"@type\":\"ImageObject\",\"inLanguage\":\"fr-FR\",\"@id\":\"https:\/\/services.jacobi.net\/fr\/#\/schema\/logo\/image\/\",\"url\":\"https:\/\/services.jacobi.net\/wp-content\/uploads\/2017\/04\/Jacobi-Carbons-PMS165.jpg\",\"contentUrl\":\"https:\/\/services.jacobi.net\/wp-content\/uploads\/2017\/04\/Jacobi-Carbons-PMS165.jpg\",\"width\":758,\"height\":422,\"caption\":\"Jacobi Carbons\"},\"image\":{\"@id\":\"https:\/\/services.jacobi.net\/fr\/#\/schema\/logo\/image\/\"},\"sameAs\":[\"https:\/\/www.facebook.com\/JacobiCarbonsGroup\",\"https:\/\/x.com\/jacobi_carbons\",\"https:\/\/www.linkedin.com\/company\/jacobi-carbons\/\",\"https:\/\/www.youtube.com\/channel\/UCLMBd_DgwXBihVLpof8Lixg\",\"https:\/\/sv.wikipedia.org\/wiki\/Jacobi_Carbons\"]}]}<\/script>\n<!-- \/ Yoast SEO Premium plugin. -->","yoast_head_json":{"title":"Certifications and regulations | Jacobi Carbons","description":"There are many different bodies legislating our industry. Find details of just some that Jacobi Carbons are affiliated with.","robots":{"index":"index","follow":"follow","max-snippet":"max-snippet:-1","max-image-preview":"max-image-preview:large","max-video-preview":"max-video-preview:-1"},"canonical":"https:\/\/services.jacobi.net\/fr\/certification-et-reglementation\/","og_locale":"fr_FR","og_type":"article","og_title":"Certification et r\u00e9glementation","og_description":"Notre activit\u00e9 est r\u00e9glement\u00e9e par de nombreux organismes, voici ici quelques-uns d'entre eux avec lesquels nous sommes affili\u00e9s.American Society for","og_url":"https:\/\/services.jacobi.net\/fr\/certification-et-reglementation\/","og_site_name":"Jacobi Services","article_publisher":"https:\/\/www.facebook.com\/JacobiCarbonsGroup","article_modified_time":"2025-05-28T08:18:00+00:00","og_image":[{"width":936,"height":624,"url":"https:\/\/services.jacobi.net\/wp-content\/uploads\/2025\/05\/header-1-1.jpg","type":"image\/jpeg"}],"twitter_card":"summary_large_image","twitter_site":"@jacobi_carbons","twitter_misc":{"Dur\u00e9e de lecture estim\u00e9e":"1 minute"},"schema":{"@context":"https:\/\/schema.org","@graph":[{"@type":"WebPage","@id":"https:\/\/services.jacobi.net\/fr\/certification-et-reglementation\/","url":"https:\/\/services.jacobi.net\/fr\/certification-et-reglementation\/","name":"Certifications and regulations | Jacobi Carbons","isPartOf":{"@id":"https:\/\/services.jacobi.net\/fr\/#website"},"primaryImageOfPage":{"@id":"https:\/\/services.jacobi.net\/fr\/certification-et-reglementation\/#primaryimage"},"image":{"@id":"https:\/\/services.jacobi.net\/fr\/certification-et-reglementation\/#primaryimage"},"thumbnailUrl":"https:\/\/services.jacobi.net\/wp-content\/uploads\/2025\/05\/header-1-1.jpg","datePublished":"2015-02-12T23:14:32+00:00","dateModified":"2025-05-28T08:18:00+00:00","description":"There are many different bodies legislating our industry. Find details of just some that Jacobi Carbons are affiliated with.","breadcrumb":{"@id":"https:\/\/services.jacobi.net\/fr\/certification-et-reglementation\/#breadcrumb"},"inLanguage":"fr-FR","potentialAction":[{"@type":"ReadAction","target":["https:\/\/services.jacobi.net\/fr\/certification-et-reglementation\/"]}]},{"@type":"ImageObject","inLanguage":"fr-FR","@id":"https:\/\/services.jacobi.net\/fr\/certification-et-reglementation\/#primaryimage","url":"https:\/\/services.jacobi.net\/wp-content\/uploads\/2025\/05\/header-1-1.jpg","contentUrl":"https:\/\/services.jacobi.net\/wp-content\/uploads\/2025\/05\/header-1-1.jpg","width":936,"height":624},{"@type":"BreadcrumbList","@id":"https:\/\/services.jacobi.net\/fr\/certification-et-reglementation\/#breadcrumb","itemListElement":[{"@type":"ListItem","position":1,"name":"Home","item":"https:\/\/services.jacobi.net\/fr\/"},{"@type":"ListItem","position":2,"name":"Certification et r\u00e9glementation"}]},{"@type":"WebSite","@id":"https:\/\/services.jacobi.net\/fr\/#website","url":"https:\/\/services.jacobi.net\/fr\/","name":"Jacobi Services","description":"Mobile Filter Services","publisher":{"@id":"https:\/\/services.jacobi.net\/fr\/#organization"},"potentialAction":[{"@type":"SearchAction","target":{"@type":"EntryPoint","urlTemplate":"https:\/\/services.jacobi.net\/fr\/?s={search_term_string}"},"query-input":{"@type":"PropertyValueSpecification","valueRequired":true,"valueName":"search_term_string"}}],"inLanguage":"fr-FR"},{"@type":"Organization","@id":"https:\/\/services.jacobi.net\/fr\/#organization","name":"Jacobi Carbons","url":"https:\/\/services.jacobi.net\/fr\/","logo":{"@type":"ImageObject","inLanguage":"fr-FR","@id":"https:\/\/services.jacobi.net\/fr\/#\/schema\/logo\/image\/","url":"https:\/\/services.jacobi.net\/wp-content\/uploads\/2017\/04\/Jacobi-Carbons-PMS165.jpg","contentUrl":"https:\/\/services.jacobi.net\/wp-content\/uploads\/2017\/04\/Jacobi-Carbons-PMS165.jpg","width":758,"height":422,"caption":"Jacobi Carbons"},"image":{"@id":"https:\/\/services.jacobi.net\/fr\/#\/schema\/logo\/image\/"},"sameAs":["https:\/\/www.facebook.com\/JacobiCarbonsGroup","https:\/\/x.com\/jacobi_carbons","https:\/\/www.linkedin.com\/company\/jacobi-carbons\/","https:\/\/www.youtube.com\/channel\/UCLMBd_DgwXBihVLpof8Lixg","https:\/\/sv.wikipedia.org\/wiki\/Jacobi_Carbons"]}]}},"_links":{"self":[{"href":"https:\/\/services.jacobi.net\/fr\/wp-json\/wp\/v2\/pages\/41144","targetHints":{"allow":["GET"]}}],"collection":[{"href":"https:\/\/services.jacobi.net\/fr\/wp-json\/wp\/v2\/pages"}],"about":[{"href":"https:\/\/services.jacobi.net\/fr\/wp-json\/wp\/v2\/types\/page"}],"author":[{"embeddable":true,"href":"https:\/\/services.jacobi.net\/fr\/wp-json\/wp\/v2\/users\/1"}],"replies":[{"embeddable":true,"href":"https:\/\/services.jacobi.net\/fr\/wp-json\/wp\/v2\/comments?post=41144"}],"version-history":[{"count":0,"href":"https:\/\/services.jacobi.net\/fr\/wp-json\/wp\/v2\/pages\/41144\/revisions"}],"wp:featuredmedia":[{"embeddable":true,"href":"https:\/\/services.jacobi.net\/fr\/wp-json\/wp\/v2\/media\/42016"}],"wp:attachment":[{"href":"https:\/\/services.jacobi.net\/fr\/wp-json\/wp\/v2\/media?parent=41144"}],"curies":[{"name":"wp","href":"https:\/\/api.w.org\/{rel}","templated":true}]}}