{"id":41148,"date":"2015-02-12T23:14:32","date_gmt":"2015-02-12T23:14:32","guid":{"rendered":"https:\/\/services.jacobi.net\/certification-regulations\/"},"modified":"2025-09-11T11:29:36","modified_gmt":"2025-09-11T11:29:36","slug":"certifiering-regelverk","status":"publish","type":"page","link":"https:\/\/services.jacobi.net\/sv\/certifiering-regelverk\/","title":{"rendered":"Certifiering &#038; regelverk"},"content":{"rendered":"\t\t<div data-elementor-type=\"wp-page\" data-elementor-id=\"41148\" class=\"elementor elementor-41148 elementor-14428\" data-elementor-post-type=\"page\">\n\t\t\t\t<div class=\"elementor-element elementor-element-1ba25c6b e-flex e-con-boxed e-con e-parent\" data-id=\"1ba25c6b\" data-element_type=\"container\" data-e-type=\"container\">\n\t\t\t\t\t<div class=\"e-con-inner\">\n\t\t\t\t<div class=\"elementor-element elementor-element-592a603f elementor-widget elementor-widget-text-editor\" data-id=\"592a603f\" data-element_type=\"widget\" data-e-type=\"widget\" data-widget_type=\"text-editor.default\">\n\t\t\t\t<div class=\"elementor-widget-container\">\n\t\t\t\t\t\t\t\t\t<h3><span class=\"breadcrumb-1\">Det finns m\u00e5nga olika tillsynsorgan som lagstiftar v\u00e5r bransch och h\u00e4r \u00e4r en lista \u00f6ver n\u00e5gra av dem som vi \u00e4r anslutna till.<\/span><\/h3><p>American Society for Testing and Materials<br \/><a href=\"http:\/\/www.astm.org\/\" target=\"_blank\" rel=\"noopener\">www.astm.org<\/a><\/p><p>National Sanitary Foundation<br \/><a href=\"http:\/\/www.nsf.org\/\" target=\"_blank\" rel=\"noopener\">www.nsf.org<\/a><\/p><p>L\u00e4nk till Jacobis NSF-listade produkter:<br \/><a href=\"http:\/\/info.nsf.org\/Certified\/Common\/Company.asp?CompanyName=Jacobi&amp;x=0&amp;y=0\" target=\"_blank\" rel=\"noopener\">http:\/\/info.nsf.org\/Certified\/Common\/Company.asp?CompanyName=Jacobi&amp;x=0&amp;y=0<\/a><\/p><p>REACH<br \/><a href=\"http:\/\/ec.europa.eu\/environment\/chemicals\/reach\/reach_intro.htm\" target=\"_blank\" rel=\"noopener\">http:\/\/ec.europa.eu\/environment\/chemicals\/reach\/reach_intro.htm<\/a><\/p><p>European Chemicals Agency (ECHA)<br \/><a href=\"http:\/\/echa.europa.eu\/\" target=\"_blank\" rel=\"noopener\">http:\/\/echa.europa.eu<\/a><\/p><p>Bureau Veritas Group<br \/><a href=\"http:\/\/www.bureauveritas.com\/\" target=\"_blank\" rel=\"noopener\">www.bureauveritas.com<\/a><\/p><p>SGS Group<br \/><a href=\"http:\/\/www.sgs.com\/\" target=\"_blank\" rel=\"noopener\">www.sgs.com<\/a><\/p><p>\u00a0<\/p><h3>Externa l\u00e4nkar<\/h3><p>The Water and Sewerage Journal<\/p><p><a href=\"http:\/\/mediapack.waterjournal.co.uk\/\">http:\/\/mediapack.waterjournal.co.uk\/<\/a><\/p><p>\u00a0<\/p><h3>Koncernbolag<\/h3><p>Jacobis moderbolag &#8211; Osaka Gas<\/p><p><a href=\"http:\/\/www.ogc.co.jp\/shirasagi\/e\/\">Bes\u00f6k Osaka Gas webbplats. Klicka h\u00e4r.<\/a><\/p><p>Driftsavdelning &#8211; Resinex<\/p><p><a href=\"https:\/\/resinex.jacobi.net\/\">Bes\u00f6k Resinex webbplats. Klicka h\u00e4r.<\/a><\/p><p>\u00a0<\/p><h3>Allm\u00e4nna regler och villkor f\u00f6r f\u00f6rs\u00e4ljning<\/h3><p>Tyskland: \u00a0\u00a0<a href=\"https:\/\/jacobi.box.com\/shared\/static\/nw075at1o6z1t4rv8m9o.pdf\">https:\/\/jacobi.box.com\/shared\/static<\/a><\/p><p>\u00a0<\/p><h3>H\u00e5llbarhetscertifiering<\/h3><p><a href=\"https:\/\/www.wqa.org\/Find-Products\/ctl\/Detail\/mid\/1054\/cid\/JACOBI_CARBONS_INC\/sid\/54\/keyword\/Jacobi\" target=\"_blank\" rel=\"noopener\">https:\/\/www.wqa.org\/Find-Products\/ctl\/Detail\/mid\/1054\/cid\/JACOBI_CARBONS_INC\/sid\/54\/keyword\/Jacobi<\/a><\/p>\t\t\t\t\t\t\t\t<\/div>\n\t\t\t\t<\/div>\n\t\t\t\t\t<\/div>\n\t\t\t\t<\/div>\n\t\t\t\t<\/div>\n\t\t","protected":false},"excerpt":{"rendered":"<p>Det finns m\u00e5nga olika tillsynsorgan som lagstiftar v\u00e5r bransch och h\u00e4r \u00e4r en lista \u00f6ver n\u00e5gra av dem som vi \u00e4r anslutna till. American Society for Testing and Materialswww.astm.org National Sanitary Foundationwww.nsf.org L\u00e4nk till Jacobis NSF-listade produkter:http:\/\/info.nsf.org\/Certified\/Common\/Company.asp?CompanyName=Jacobi&amp;x=0&amp;y=0 REACHhttp:\/\/ec.europa.eu\/environment\/chemicals\/reach\/reach_intro.htm European Chemicals Agency (ECHA)http:\/\/echa.europa.eu Bureau Veritas Groupwww.bureauveritas.com SGS Groupwww.sgs.com \u00a0 Externa l\u00e4nkar The Water and Sewerage Journal&hellip;<\/p>\n","protected":false},"author":1,"featured_media":42021,"parent":0,"menu_order":0,"comment_status":"closed","ping_status":"closed","template":"","meta":{"_acf_changed":false,"footnotes":""},"class_list":["post-41148","page","type-page","status-publish","has-post-thumbnail","hentry"],"acf":[],"yoast_head":"<!-- This site is optimized with the Yoast SEO Premium plugin v27.0 (Yoast SEO v27.0) - https:\/\/yoast.com\/product\/yoast-seo-premium-wordpress\/ -->\n<title>Certifications and regulations | Jacobi Carbons<\/title>\n<meta name=\"description\" content=\"There are many different bodies legislating our industry. Find details of just some that Jacobi Carbons are affiliated with.\" \/>\n<meta name=\"robots\" content=\"index, follow, max-snippet:-1, max-image-preview:large, max-video-preview:-1\" \/>\n<link rel=\"canonical\" href=\"https:\/\/services.jacobi.net\/sv\/certifiering-regelverk\/\" \/>\n<meta property=\"og:locale\" content=\"sv_SE\" \/>\n<meta property=\"og:type\" content=\"article\" \/>\n<meta property=\"og:title\" content=\"Certifiering &amp; regelverk\" \/>\n<meta property=\"og:description\" content=\"Det finns m\u00e5nga olika tillsynsorgan som lagstiftar v\u00e5r bransch och h\u00e4r \u00e4r en lista \u00f6ver n\u00e5gra av dem som vi \u00e4r anslutna till.American Society for Testing\" \/>\n<meta property=\"og:url\" content=\"https:\/\/services.jacobi.net\/sv\/certifiering-regelverk\/\" \/>\n<meta property=\"og:site_name\" content=\"Jacobi Services\" \/>\n<meta property=\"article:publisher\" content=\"https:\/\/www.facebook.com\/JacobiCarbonsGroup\" \/>\n<meta property=\"article:modified_time\" content=\"2025-09-11T11:29:36+00:00\" \/>\n<meta property=\"og:image\" content=\"https:\/\/services.jacobi.net\/wp-content\/uploads\/2025\/05\/header-1-1.jpg\" \/>\n\t<meta property=\"og:image:width\" content=\"936\" \/>\n\t<meta property=\"og:image:height\" content=\"624\" \/>\n\t<meta property=\"og:image:type\" content=\"image\/jpeg\" \/>\n<meta name=\"twitter:card\" content=\"summary_large_image\" \/>\n<meta name=\"twitter:site\" content=\"@jacobi_carbons\" \/>\n<meta name=\"twitter:label1\" content=\"Ber\u00e4knad l\u00e4stid\" \/>\n\t<meta name=\"twitter:data1\" content=\"1 minut\" \/>\n<script type=\"application\/ld+json\" class=\"yoast-schema-graph\">{\"@context\":\"https:\/\/schema.org\",\"@graph\":[{\"@type\":\"WebPage\",\"@id\":\"https:\/\/services.jacobi.net\/sv\/certifiering-regelverk\/\",\"url\":\"https:\/\/services.jacobi.net\/sv\/certifiering-regelverk\/\",\"name\":\"Certifications and regulations | Jacobi Carbons\",\"isPartOf\":{\"@id\":\"https:\/\/services.jacobi.net\/sv\/#website\"},\"primaryImageOfPage\":{\"@id\":\"https:\/\/services.jacobi.net\/sv\/certifiering-regelverk\/#primaryimage\"},\"image\":{\"@id\":\"https:\/\/services.jacobi.net\/sv\/certifiering-regelverk\/#primaryimage\"},\"thumbnailUrl\":\"https:\/\/services.jacobi.net\/wp-content\/uploads\/2025\/05\/header-1-1.jpg\",\"datePublished\":\"2015-02-12T23:14:32+00:00\",\"dateModified\":\"2025-09-11T11:29:36+00:00\",\"description\":\"There are many different bodies legislating our industry. Find details of just some that Jacobi Carbons are affiliated with.\",\"breadcrumb\":{\"@id\":\"https:\/\/services.jacobi.net\/sv\/certifiering-regelverk\/#breadcrumb\"},\"inLanguage\":\"sv-SE\",\"potentialAction\":[{\"@type\":\"ReadAction\",\"target\":[\"https:\/\/services.jacobi.net\/sv\/certifiering-regelverk\/\"]}]},{\"@type\":\"ImageObject\",\"inLanguage\":\"sv-SE\",\"@id\":\"https:\/\/services.jacobi.net\/sv\/certifiering-regelverk\/#primaryimage\",\"url\":\"https:\/\/services.jacobi.net\/wp-content\/uploads\/2025\/05\/header-1-1.jpg\",\"contentUrl\":\"https:\/\/services.jacobi.net\/wp-content\/uploads\/2025\/05\/header-1-1.jpg\",\"width\":936,\"height\":624},{\"@type\":\"BreadcrumbList\",\"@id\":\"https:\/\/services.jacobi.net\/sv\/certifiering-regelverk\/#breadcrumb\",\"itemListElement\":[{\"@type\":\"ListItem\",\"position\":1,\"name\":\"Home\",\"item\":\"https:\/\/services.jacobi.net\/sv\/\"},{\"@type\":\"ListItem\",\"position\":2,\"name\":\"Certifiering &#038; regelverk\"}]},{\"@type\":\"WebSite\",\"@id\":\"https:\/\/services.jacobi.net\/sv\/#website\",\"url\":\"https:\/\/services.jacobi.net\/sv\/\",\"name\":\"Jacobi Services\",\"description\":\"Mobile Filter Services\",\"publisher\":{\"@id\":\"https:\/\/services.jacobi.net\/sv\/#organization\"},\"potentialAction\":[{\"@type\":\"SearchAction\",\"target\":{\"@type\":\"EntryPoint\",\"urlTemplate\":\"https:\/\/services.jacobi.net\/sv\/?s={search_term_string}\"},\"query-input\":{\"@type\":\"PropertyValueSpecification\",\"valueRequired\":true,\"valueName\":\"search_term_string\"}}],\"inLanguage\":\"sv-SE\"},{\"@type\":\"Organization\",\"@id\":\"https:\/\/services.jacobi.net\/sv\/#organization\",\"name\":\"Jacobi Carbons\",\"url\":\"https:\/\/services.jacobi.net\/sv\/\",\"logo\":{\"@type\":\"ImageObject\",\"inLanguage\":\"sv-SE\",\"@id\":\"https:\/\/services.jacobi.net\/sv\/#\/schema\/logo\/image\/\",\"url\":\"https:\/\/services.jacobi.net\/wp-content\/uploads\/2017\/04\/Jacobi-Carbons-PMS165.jpg\",\"contentUrl\":\"https:\/\/services.jacobi.net\/wp-content\/uploads\/2017\/04\/Jacobi-Carbons-PMS165.jpg\",\"width\":758,\"height\":422,\"caption\":\"Jacobi Carbons\"},\"image\":{\"@id\":\"https:\/\/services.jacobi.net\/sv\/#\/schema\/logo\/image\/\"},\"sameAs\":[\"https:\/\/www.facebook.com\/JacobiCarbonsGroup\",\"https:\/\/x.com\/jacobi_carbons\",\"https:\/\/www.linkedin.com\/company\/jacobi-carbons\/\",\"https:\/\/www.youtube.com\/channel\/UCLMBd_DgwXBihVLpof8Lixg\",\"https:\/\/sv.wikipedia.org\/wiki\/Jacobi_Carbons\"]}]}<\/script>\n<!-- \/ Yoast SEO Premium plugin. -->","yoast_head_json":{"title":"Certifications and regulations | Jacobi Carbons","description":"There are many different bodies legislating our industry. Find details of just some that Jacobi Carbons are affiliated with.","robots":{"index":"index","follow":"follow","max-snippet":"max-snippet:-1","max-image-preview":"max-image-preview:large","max-video-preview":"max-video-preview:-1"},"canonical":"https:\/\/services.jacobi.net\/sv\/certifiering-regelverk\/","og_locale":"sv_SE","og_type":"article","og_title":"Certifiering & regelverk","og_description":"Det finns m\u00e5nga olika tillsynsorgan som lagstiftar v\u00e5r bransch och h\u00e4r \u00e4r en lista \u00f6ver n\u00e5gra av dem som vi \u00e4r anslutna till.American Society for Testing","og_url":"https:\/\/services.jacobi.net\/sv\/certifiering-regelverk\/","og_site_name":"Jacobi Services","article_publisher":"https:\/\/www.facebook.com\/JacobiCarbonsGroup","article_modified_time":"2025-09-11T11:29:36+00:00","og_image":[{"width":936,"height":624,"url":"https:\/\/services.jacobi.net\/wp-content\/uploads\/2025\/05\/header-1-1.jpg","type":"image\/jpeg"}],"twitter_card":"summary_large_image","twitter_site":"@jacobi_carbons","twitter_misc":{"Ber\u00e4knad l\u00e4stid":"1 minut"},"schema":{"@context":"https:\/\/schema.org","@graph":[{"@type":"WebPage","@id":"https:\/\/services.jacobi.net\/sv\/certifiering-regelverk\/","url":"https:\/\/services.jacobi.net\/sv\/certifiering-regelverk\/","name":"Certifications and regulations | Jacobi Carbons","isPartOf":{"@id":"https:\/\/services.jacobi.net\/sv\/#website"},"primaryImageOfPage":{"@id":"https:\/\/services.jacobi.net\/sv\/certifiering-regelverk\/#primaryimage"},"image":{"@id":"https:\/\/services.jacobi.net\/sv\/certifiering-regelverk\/#primaryimage"},"thumbnailUrl":"https:\/\/services.jacobi.net\/wp-content\/uploads\/2025\/05\/header-1-1.jpg","datePublished":"2015-02-12T23:14:32+00:00","dateModified":"2025-09-11T11:29:36+00:00","description":"There are many different bodies legislating our industry. Find details of just some that Jacobi Carbons are affiliated with.","breadcrumb":{"@id":"https:\/\/services.jacobi.net\/sv\/certifiering-regelverk\/#breadcrumb"},"inLanguage":"sv-SE","potentialAction":[{"@type":"ReadAction","target":["https:\/\/services.jacobi.net\/sv\/certifiering-regelverk\/"]}]},{"@type":"ImageObject","inLanguage":"sv-SE","@id":"https:\/\/services.jacobi.net\/sv\/certifiering-regelverk\/#primaryimage","url":"https:\/\/services.jacobi.net\/wp-content\/uploads\/2025\/05\/header-1-1.jpg","contentUrl":"https:\/\/services.jacobi.net\/wp-content\/uploads\/2025\/05\/header-1-1.jpg","width":936,"height":624},{"@type":"BreadcrumbList","@id":"https:\/\/services.jacobi.net\/sv\/certifiering-regelverk\/#breadcrumb","itemListElement":[{"@type":"ListItem","position":1,"name":"Home","item":"https:\/\/services.jacobi.net\/sv\/"},{"@type":"ListItem","position":2,"name":"Certifiering &#038; regelverk"}]},{"@type":"WebSite","@id":"https:\/\/services.jacobi.net\/sv\/#website","url":"https:\/\/services.jacobi.net\/sv\/","name":"Jacobi Services","description":"Mobile Filter Services","publisher":{"@id":"https:\/\/services.jacobi.net\/sv\/#organization"},"potentialAction":[{"@type":"SearchAction","target":{"@type":"EntryPoint","urlTemplate":"https:\/\/services.jacobi.net\/sv\/?s={search_term_string}"},"query-input":{"@type":"PropertyValueSpecification","valueRequired":true,"valueName":"search_term_string"}}],"inLanguage":"sv-SE"},{"@type":"Organization","@id":"https:\/\/services.jacobi.net\/sv\/#organization","name":"Jacobi Carbons","url":"https:\/\/services.jacobi.net\/sv\/","logo":{"@type":"ImageObject","inLanguage":"sv-SE","@id":"https:\/\/services.jacobi.net\/sv\/#\/schema\/logo\/image\/","url":"https:\/\/services.jacobi.net\/wp-content\/uploads\/2017\/04\/Jacobi-Carbons-PMS165.jpg","contentUrl":"https:\/\/services.jacobi.net\/wp-content\/uploads\/2017\/04\/Jacobi-Carbons-PMS165.jpg","width":758,"height":422,"caption":"Jacobi Carbons"},"image":{"@id":"https:\/\/services.jacobi.net\/sv\/#\/schema\/logo\/image\/"},"sameAs":["https:\/\/www.facebook.com\/JacobiCarbonsGroup","https:\/\/x.com\/jacobi_carbons","https:\/\/www.linkedin.com\/company\/jacobi-carbons\/","https:\/\/www.youtube.com\/channel\/UCLMBd_DgwXBihVLpof8Lixg","https:\/\/sv.wikipedia.org\/wiki\/Jacobi_Carbons"]}]}},"_links":{"self":[{"href":"https:\/\/services.jacobi.net\/sv\/wp-json\/wp\/v2\/pages\/41148","targetHints":{"allow":["GET"]}}],"collection":[{"href":"https:\/\/services.jacobi.net\/sv\/wp-json\/wp\/v2\/pages"}],"about":[{"href":"https:\/\/services.jacobi.net\/sv\/wp-json\/wp\/v2\/types\/page"}],"author":[{"embeddable":true,"href":"https:\/\/services.jacobi.net\/sv\/wp-json\/wp\/v2\/users\/1"}],"replies":[{"embeddable":true,"href":"https:\/\/services.jacobi.net\/sv\/wp-json\/wp\/v2\/comments?post=41148"}],"version-history":[{"count":0,"href":"https:\/\/services.jacobi.net\/sv\/wp-json\/wp\/v2\/pages\/41148\/revisions"}],"wp:featuredmedia":[{"embeddable":true,"href":"https:\/\/services.jacobi.net\/sv\/wp-json\/wp\/v2\/media\/42021"}],"wp:attachment":[{"href":"https:\/\/services.jacobi.net\/sv\/wp-json\/wp\/v2\/media?parent=41148"}],"curies":[{"name":"wp","href":"https:\/\/api.w.org\/{rel}","templated":true}]}}